
{"id":48650,"date":"2026-03-31T14:40:40","date_gmt":"2026-03-31T12:40:40","guid":{"rendered":"https:\/\/triangle.cat\/producto\/gaudi-verdaguer\/"},"modified":"2026-03-31T14:59:08","modified_gmt":"2026-03-31T12:59:08","slug":"gaudi-verdaguer","status":"publish","type":"product","link":"https:\/\/triangle.cat\/fr\/producto\/gaudi-verdaguer\/","title":{"rendered":"Gaud\u00ed Verdaguer"},"content":{"rendered":"","protected":false},"excerpt":{"rendered":"<p>Le Mus\u00e9e d\u2019Histoire de Barcelone propose une r\u00e9flexion sur ces deux grands cr\u00e9ateurs de la Barcelone de la fin du XIXe si\u00e8cle et du d\u00e9but du XXe.<\/p>\n","protected":false},"featured_media":48645,"comment_status":"closed","ping_status":"closed","template":"","meta":{"_acf_changed":false,"_monsterinsights_skip_tracking":false,"_monsterinsights_sitenote_active":false,"_monsterinsights_sitenote_note":"","_monsterinsights_sitenote_category":0},"product_brand":[],"product_cat":[1557],"product_tag":[],"class_list":{"0":"post-48650","1":"product","2":"type-product","3":"status-publish","4":"has-post-thumbnail","6":"product_cat-antoni-gaudi-fr","7":"pa_idioma-multilingue-catalan-espagnol","9":"first","10":"instock","11":"taxable","12":"shipping-taxable","13":"purchasable","14":"product-type-variable"},"acf":[],"_links":{"self":[{"href":"https:\/\/triangle.cat\/fr\/wp-json\/wp\/v2\/product\/48650","targetHints":{"allow":["GET"]}}],"collection":[{"href":"https:\/\/triangle.cat\/fr\/wp-json\/wp\/v2\/product"}],"about":[{"href":"https:\/\/triangle.cat\/fr\/wp-json\/wp\/v2\/types\/product"}],"replies":[{"embeddable":true,"href":"https:\/\/triangle.cat\/fr\/wp-json\/wp\/v2\/comments?post=48650"}],"wp:featuredmedia":[{"embeddable":true,"href":"https:\/\/triangle.cat\/fr\/wp-json\/wp\/v2\/media\/48645"}],"wp:attachment":[{"href":"https:\/\/triangle.cat\/fr\/wp-json\/wp\/v2\/media?parent=48650"}],"wp:term":[{"taxonomy":"product_brand","embeddable":true,"href":"https:\/\/triangle.cat\/fr\/wp-json\/wp\/v2\/product_brand?post=48650"},{"taxonomy":"product_cat","embeddable":true,"href":"https:\/\/triangle.cat\/fr\/wp-json\/wp\/v2\/product_cat?post=48650"},{"taxonomy":"product_tag","embeddable":true,"href":"https:\/\/triangle.cat\/fr\/wp-json\/wp\/v2\/product_tag?post=48650"}],"curies":[{"name":"wp","href":"https:\/\/api.w.org\/{rel}","templated":true}]}}