
{"id":48549,"date":"2026-03-31T13:19:21","date_gmt":"2026-03-31T11:19:21","guid":{"rendered":"https:\/\/triangle.cat\/producto\/casa-batllo-patrimoni\/"},"modified":"2026-04-07T12:49:02","modified_gmt":"2026-04-07T10:49:02","slug":"casa-batllo-patrimoni","status":"publish","type":"product","link":"https:\/\/triangle.cat\/fr\/producto\/casa-batllo-patrimoni\/","title":{"rendered":"Casa Batll\u00f3"},"content":{"rendered":"","protected":false},"excerpt":{"rendered":"<p>Apr\u00e8s une brillante introduction de Juan Jos\u00e9 Lahuerta (architecte, professeur et directeur de la Chaire Gaud\u00ed), o\u00f9 il explique le contexte historico-artistique dans lequel Gaud\u00ed \u00e9voluait lors de la construction de la Casa Batll\u00f3, ce livre nous emm\u00e8ne au-del\u00e0 de sa c\u00e9l\u00e8bre fa\u00e7ade pour nous montrer, avec minutie et d\u00e9tail, la cr\u00e9ativit\u00e9 du grand architecte dans tous les espaces du b\u00e2timent.<\/p>\n<p>Ceci est possible gr\u00e2ce au travail de Pere Vivas, qui, gr\u00e2ce \u00e0 une technique raffin\u00e9e et une connaissance de Gaud\u00ed qui a r\u00e9v\u00e9l\u00e9 des facettes de l\u2019architecte inconnues des sp\u00e9cialistes, prend d\u2019admirables photographies qui non seulement montrent mais aussi d\u00e9crivent les comp\u00e9tences techniques et artistiques que Gaud\u00ed appliqua \u00e0 la Casa Batll\u00f3, un site du patrimoine mondial depuis 2005.<\/p>\n","protected":false},"featured_media":48576,"comment_status":"closed","ping_status":"closed","template":"","meta":{"_acf_changed":false,"_monsterinsights_skip_tracking":false,"_monsterinsights_sitenote_active":false,"_monsterinsights_sitenote_note":"","_monsterinsights_sitenote_category":0},"product_brand":[],"product_cat":[1557],"product_tag":[],"class_list":{"0":"post-48549","1":"product","2":"type-product","3":"status-publish","4":"has-post-thumbnail","6":"product_cat-antoni-gaudi-fr","7":"pa_idioma-catalan-fr","8":"pa_idioma-chinois","9":"pa_idioma-deutsch-fr","10":"pa_idioma-english-fr","11":"pa_idioma-espanol-fr-2","12":"pa_idioma-francais-fr","13":"pa_idioma-italiano-fr","15":"first","16":"instock","17":"taxable","18":"shipping-taxable","19":"purchasable","20":"product-type-variable"},"acf":[],"_links":{"self":[{"href":"https:\/\/triangle.cat\/fr\/wp-json\/wp\/v2\/product\/48549","targetHints":{"allow":["GET"]}}],"collection":[{"href":"https:\/\/triangle.cat\/fr\/wp-json\/wp\/v2\/product"}],"about":[{"href":"https:\/\/triangle.cat\/fr\/wp-json\/wp\/v2\/types\/product"}],"replies":[{"embeddable":true,"href":"https:\/\/triangle.cat\/fr\/wp-json\/wp\/v2\/comments?post=48549"}],"wp:featuredmedia":[{"embeddable":true,"href":"https:\/\/triangle.cat\/fr\/wp-json\/wp\/v2\/media\/48576"}],"wp:attachment":[{"href":"https:\/\/triangle.cat\/fr\/wp-json\/wp\/v2\/media?parent=48549"}],"wp:term":[{"taxonomy":"product_brand","embeddable":true,"href":"https:\/\/triangle.cat\/fr\/wp-json\/wp\/v2\/product_brand?post=48549"},{"taxonomy":"product_cat","embeddable":true,"href":"https:\/\/triangle.cat\/fr\/wp-json\/wp\/v2\/product_cat?post=48549"},{"taxonomy":"product_tag","embeddable":true,"href":"https:\/\/triangle.cat\/fr\/wp-json\/wp\/v2\/product_tag?post=48549"}],"curies":[{"name":"wp","href":"https:\/\/api.w.org\/{rel}","templated":true}]}}