
{"id":48452,"date":"2026-03-31T13:19:15","date_gmt":"2026-03-31T11:19:15","guid":{"rendered":"https:\/\/triangle.cat\/producto\/cocons-i-salines\/"},"modified":"2026-03-31T13:51:21","modified_gmt":"2026-03-31T11:51:21","slug":"cocons-i-salines","status":"publish","type":"product","link":"https:\/\/triangle.cat\/fr\/producto\/cocons-i-salines\/","title":{"rendered":"Cocons i salines"},"content":{"rendered":"","protected":false},"excerpt":{"rendered":"<p>Cocons i salines. Le sel de Minorque nous offre une vision d\u2019ensemble de la production et des usages du sel, en commen\u00e7ant par le sel primitif de coc\u00f3, le seul produit sur l\u2019\u00eele pendant des mill\u00e9naires, jusqu\u2019\u00e0 la fondation des premi\u00e8res salines par les commer\u00e7ants grecs, durant les dominations britanniques du XVIIIe si\u00e8cle.<\/p>\n<p>Nous d\u00e9couvrirons l\u2019histoire des salines et des courageux sauniers, mais aussi la r\u00e9habilitation \u2014respectueuse de l\u2019environnement et des mat\u00e9riaux\u2014 des Salines de la Concepci\u00f3n, dans le port de Fornells, qui nous offrent aujourd\u2019hui d\u2019excellentes r\u00e9coltes de fleur de sel. Le tout g\u00e9n\u00e9reusement agr\u00e9-ment\u00e9 de photographies, de cartes, d\u2019un glossaire et de la toponymie salini\u00e8re de Minorque.<\/p>\n","protected":false},"featured_media":48445,"comment_status":"closed","ping_status":"closed","template":"","meta":{"_acf_changed":false,"_monsterinsights_skip_tracking":false,"_monsterinsights_sitenote_active":false,"_monsterinsights_sitenote_note":"","_monsterinsights_sitenote_category":0},"product_brand":[],"product_cat":[1531,1569],"product_tag":[],"class_list":{"0":"post-48452","1":"product","2":"type-product","3":"status-publish","4":"has-post-thumbnail","6":"product_cat-livres","7":"product_cat-majorque","8":"pa_idioma-catalan-fr","10":"first","11":"instock","12":"taxable","13":"shipping-taxable","14":"purchasable","15":"product-type-variable"},"acf":[],"_links":{"self":[{"href":"https:\/\/triangle.cat\/fr\/wp-json\/wp\/v2\/product\/48452","targetHints":{"allow":["GET"]}}],"collection":[{"href":"https:\/\/triangle.cat\/fr\/wp-json\/wp\/v2\/product"}],"about":[{"href":"https:\/\/triangle.cat\/fr\/wp-json\/wp\/v2\/types\/product"}],"replies":[{"embeddable":true,"href":"https:\/\/triangle.cat\/fr\/wp-json\/wp\/v2\/comments?post=48452"}],"wp:featuredmedia":[{"embeddable":true,"href":"https:\/\/triangle.cat\/fr\/wp-json\/wp\/v2\/media\/48445"}],"wp:attachment":[{"href":"https:\/\/triangle.cat\/fr\/wp-json\/wp\/v2\/media?parent=48452"}],"wp:term":[{"taxonomy":"product_brand","embeddable":true,"href":"https:\/\/triangle.cat\/fr\/wp-json\/wp\/v2\/product_brand?post=48452"},{"taxonomy":"product_cat","embeddable":true,"href":"https:\/\/triangle.cat\/fr\/wp-json\/wp\/v2\/product_cat?post=48452"},{"taxonomy":"product_tag","embeddable":true,"href":"https:\/\/triangle.cat\/fr\/wp-json\/wp\/v2\/product_tag?post=48452"}],"curies":[{"name":"wp","href":"https:\/\/api.w.org\/{rel}","templated":true}]}}