
{"id":48387,"date":"2026-03-31T12:22:43","date_gmt":"2026-03-31T10:22:43","guid":{"rendered":"https:\/\/triangle.cat\/producto\/savia-corema-i-en-carnestoltes-set-peus-set-disbarats\/"},"modified":"2026-03-31T13:35:00","modified_gmt":"2026-03-31T11:35:00","slug":"savia-corema-i-en-carnestoltes-set-peus-set-disbarats","status":"publish","type":"product","link":"https:\/\/triangle.cat\/fr\/producto\/savia-corema-i-en-carnestoltes-set-peus-set-disbarats\/","title":{"rendered":"S\u2019\u00c0via Corema i en Carnestoltes: set peus, set disbarats"},"content":{"rendered":"","protected":false},"excerpt":{"rendered":"<p>Ces histoires absurdes naissent de la chanson traditionnelle que les gar\u00e7ons et les filles de Ma\u00f3 chantent \u00e0 la g\u00e9ante d\u2019\u00c0via Corema lorsqu\u2019elle sort chaque samedi de Car\u00eame se promener dans les rues. La curiosit\u00e9 de d\u00e9chiffrer le sens de ces paroles insolites nous a pouss\u00e9s \u00e0 les r\u00e9inventer selon notre regard particulier.<\/p>\n","protected":false},"featured_media":48363,"comment_status":"closed","ping_status":"closed","template":"","meta":{"_acf_changed":false,"_monsterinsights_skip_tracking":false,"_monsterinsights_sitenote_active":false,"_monsterinsights_sitenote_note":"","_monsterinsights_sitenote_category":0},"product_brand":[],"product_cat":[1566,1912,1563],"product_tag":[],"class_list":{"0":"post-48387","1":"product","2":"type-product","3":"status-publish","4":"has-post-thumbnail","6":"product_cat-livres-illustres","7":"product_cat-llibres-infantils-fr","8":"product_cat-pour-enfants","9":"pa_idioma-catalan-fr","11":"first","12":"instock","13":"taxable","14":"shipping-taxable","15":"purchasable","16":"product-type-variable"},"acf":[],"_links":{"self":[{"href":"https:\/\/triangle.cat\/fr\/wp-json\/wp\/v2\/product\/48387","targetHints":{"allow":["GET"]}}],"collection":[{"href":"https:\/\/triangle.cat\/fr\/wp-json\/wp\/v2\/product"}],"about":[{"href":"https:\/\/triangle.cat\/fr\/wp-json\/wp\/v2\/types\/product"}],"replies":[{"embeddable":true,"href":"https:\/\/triangle.cat\/fr\/wp-json\/wp\/v2\/comments?post=48387"}],"wp:featuredmedia":[{"embeddable":true,"href":"https:\/\/triangle.cat\/fr\/wp-json\/wp\/v2\/media\/48363"}],"wp:attachment":[{"href":"https:\/\/triangle.cat\/fr\/wp-json\/wp\/v2\/media?parent=48387"}],"wp:term":[{"taxonomy":"product_brand","embeddable":true,"href":"https:\/\/triangle.cat\/fr\/wp-json\/wp\/v2\/product_brand?post=48387"},{"taxonomy":"product_cat","embeddable":true,"href":"https:\/\/triangle.cat\/fr\/wp-json\/wp\/v2\/product_cat?post=48387"},{"taxonomy":"product_tag","embeddable":true,"href":"https:\/\/triangle.cat\/fr\/wp-json\/wp\/v2\/product_tag?post=48387"}],"curies":[{"name":"wp","href":"https:\/\/api.w.org\/{rel}","templated":true}]}}