
{"id":48186,"date":"2026-02-20T02:55:44","date_gmt":"2026-02-20T00:55:44","guid":{"rendered":"https:\/\/triangle.cat\/producto\/gaudi-finestres-al-futur\/"},"modified":"2026-02-17T16:40:12","modified_gmt":"2026-02-17T14:40:12","slug":"gaudi-fenetres-sur-lavenir","status":"publish","type":"product","link":"https:\/\/triangle.cat\/fr\/producto\/gaudi-fenetres-sur-lavenir\/","title":{"rendered":"Gaud\u00ed: Windows on the Future"},"content":{"rendered":"","protected":false},"excerpt":{"rendered":"<p><strong>Prologue:<\/strong> Regina Gonthier, Tadahiro Yoshida, Pau Gonz\u00e0lez<\/p>\n<p>\u00c0 l\u2019occasion du centenaire de la mort de Gaud\u00ed, ce livre pr\u00e9sente les fen\u00eatres les plus embl\u00e9matiques de ses premi\u00e8res \u0153uvres jusqu\u2019\u00e0 la Sagrada Fam\u00edlia, \u00e0 travers de magnifiques photographies, des mat\u00e9riaux de conception et des essais de chercheurs et de sp\u00e9cialistes, invitant les lecteurs \u00e0 r\u00e9fl\u00e9chir \u00e0 l\u2019avenir de l\u2019architecture \u00e0 travers les fen\u00eatres cr\u00e9atives et innovantes de l\u2019architecte.<\/p>\n","protected":false},"featured_media":48311,"comment_status":"closed","ping_status":"closed","template":"","meta":{"_acf_changed":false,"_monsterinsights_skip_tracking":false,"_monsterinsights_sitenote_active":false,"_monsterinsights_sitenote_note":"","_monsterinsights_sitenote_category":0},"product_brand":[],"product_cat":[1557,1897,1459],"product_tag":[],"class_list":{"0":"post-48186","1":"product","2":"type-product","3":"status-publish","4":"has-post-thumbnail","6":"product_cat-antoni-gaudi-fr","7":"product_cat-gaudi-fr","8":"product_cat-de-categoriser","9":"pa_idioma-anglais","10":"pa_idioma-multilingue-english-espanol-catala-","12":"first","13":"instock","14":"taxable","15":"shipping-taxable","16":"purchasable","17":"product-type-variable"},"acf":[],"_links":{"self":[{"href":"https:\/\/triangle.cat\/fr\/wp-json\/wp\/v2\/product\/48186","targetHints":{"allow":["GET"]}}],"collection":[{"href":"https:\/\/triangle.cat\/fr\/wp-json\/wp\/v2\/product"}],"about":[{"href":"https:\/\/triangle.cat\/fr\/wp-json\/wp\/v2\/types\/product"}],"replies":[{"embeddable":true,"href":"https:\/\/triangle.cat\/fr\/wp-json\/wp\/v2\/comments?post=48186"}],"wp:featuredmedia":[{"embeddable":true,"href":"https:\/\/triangle.cat\/fr\/wp-json\/wp\/v2\/media\/48311"}],"wp:attachment":[{"href":"https:\/\/triangle.cat\/fr\/wp-json\/wp\/v2\/media?parent=48186"}],"wp:term":[{"taxonomy":"product_brand","embeddable":true,"href":"https:\/\/triangle.cat\/fr\/wp-json\/wp\/v2\/product_brand?post=48186"},{"taxonomy":"product_cat","embeddable":true,"href":"https:\/\/triangle.cat\/fr\/wp-json\/wp\/v2\/product_cat?post=48186"},{"taxonomy":"product_tag","embeddable":true,"href":"https:\/\/triangle.cat\/fr\/wp-json\/wp\/v2\/product_tag?post=48186"}],"curies":[{"name":"wp","href":"https:\/\/api.w.org\/{rel}","templated":true}]}}