
{"id":47971,"date":"2025-12-01T20:36:10","date_gmt":"2025-12-01T18:36:10","guid":{"rendered":"https:\/\/triangle.cat\/producto\/tapes-barcelona-2\/"},"modified":"2026-01-05T05:06:42","modified_gmt":"2026-01-05T03:06:42","slug":"tapes-barcelona-2","status":"publish","type":"product","link":"https:\/\/triangle.cat\/fr\/producto\/tapes-barcelona-2\/","title":{"rendered":"Tapes Barcelona"},"content":{"rendered":"","protected":false},"excerpt":{"rendered":"<p>Que d\u00e9couvrirez-vous dans ce succulent ouvrage ?<\/p>\n<p>47 recettes d\u2019Amanda Laporte qui vous permettront de d\u00e9guster des tapas chez vous, en famille ou entre amis, et de vous vanter de conna\u00eetre le secret des meilleures tapas de Barcelone. Vous en avez des v\u00e9g\u00e9tales, au poisson, aux fruits de mer, \u00e0 la viande et m\u00eame sucr\u00e9es, au cas o\u00f9 vous voudriez vous lancer dans un menu complet.<\/p>\n<p>20 \u00e9tablissements incontournables, centenaires ou ouverts r\u00e9cemment par des chefs \u00e9toil\u00e9s, d\u00e9crits par Josep Liz qui vous raconte leur histoire et vous conseille les tapas \u00e0 demander dans chacun d\u2019entre eux.<\/p>\n<p>\u00abLe feu des petites choses\u00bb, all\u00e9chante introduction de Joan Barril sur l\u2019histoire de la tapa : son origine l\u00e9gendaire, son \u00e9volution historique, sa composante culturelle m\u00e9diterran\u00e9enne tourn\u00e9e vers le partage des aliments, et bien plus encore.<\/p>\n","protected":false},"featured_media":47600,"comment_status":"closed","ping_status":"closed","template":"","meta":{"_acf_changed":false,"_monsterinsights_skip_tracking":false,"_monsterinsights_sitenote_active":false,"_monsterinsights_sitenote_note":"","_monsterinsights_sitenote_category":0},"product_brand":[],"product_cat":[1539,1546],"product_tag":[990,1031,961,1000,1007,1032,1088],"class_list":{"0":"post-47971","1":"product","2":"type-product","3":"status-publish","4":"has-post-thumbnail","6":"product_cat-barcelone-fr","7":"product_cat-cuisine-gastronomie","8":"product_tag-allemand-fr","9":"product_tag-anglais-fr","10":"product_tag-catalan-fr","11":"product_tag-espagnol-fr","12":"product_tag-francais-fr-2","13":"product_tag-italien","14":"product_tag-russe-fr","15":"pa_idioma-catalan-fr","16":"pa_idioma-deutsch-fr","17":"pa_idioma-english-fr","18":"pa_idioma-espanol-fr-2","19":"pa_idioma-francais-fr","20":"pa_idioma-italiano-fr","21":"pa_idioma--fr","23":"first","24":"instock","25":"taxable","26":"shipping-taxable","27":"purchasable","28":"product-type-variable","29":"has-default-attributes"},"acf":[],"_links":{"self":[{"href":"https:\/\/triangle.cat\/fr\/wp-json\/wp\/v2\/product\/47971","targetHints":{"allow":["GET"]}}],"collection":[{"href":"https:\/\/triangle.cat\/fr\/wp-json\/wp\/v2\/product"}],"about":[{"href":"https:\/\/triangle.cat\/fr\/wp-json\/wp\/v2\/types\/product"}],"replies":[{"embeddable":true,"href":"https:\/\/triangle.cat\/fr\/wp-json\/wp\/v2\/comments?post=47971"}],"wp:featuredmedia":[{"embeddable":true,"href":"https:\/\/triangle.cat\/fr\/wp-json\/wp\/v2\/media\/47600"}],"wp:attachment":[{"href":"https:\/\/triangle.cat\/fr\/wp-json\/wp\/v2\/media?parent=47971"}],"wp:term":[{"taxonomy":"product_brand","embeddable":true,"href":"https:\/\/triangle.cat\/fr\/wp-json\/wp\/v2\/product_brand?post=47971"},{"taxonomy":"product_cat","embeddable":true,"href":"https:\/\/triangle.cat\/fr\/wp-json\/wp\/v2\/product_cat?post=47971"},{"taxonomy":"product_tag","embeddable":true,"href":"https:\/\/triangle.cat\/fr\/wp-json\/wp\/v2\/product_tag?post=47971"}],"curies":[{"name":"wp","href":"https:\/\/api.w.org\/{rel}","templated":true}]}}