
{"id":47646,"date":"2025-10-23T21:11:11","date_gmt":"2025-10-23T19:11:11","guid":{"rendered":"https:\/\/triangle.cat\/producto\/el-meu-gaudi\/"},"modified":"2025-10-27T10:39:53","modified_gmt":"2025-10-27T08:39:53","slug":"el-meu-gaudi","status":"publish","type":"product","link":"https:\/\/triangle.cat\/fr\/producto\/el-meu-gaudi\/","title":{"rendered":"Mon Gaud\u00ed"},"content":{"rendered":"","protected":false},"excerpt":{"rendered":"<p class=\"p1\"><em>Mon Gaud\u00ed. La biographie \u00e9crite par ses amis<\/em> est un r\u00e9cit choral et in\u00e9dit qui reconstitue la vie d\u2019Antoni Gaud\u00ed \u00e0 travers les voix de ceux qui l\u2019ont connu. \u00c0 partir de lettres, de souvenirs et de t\u00e9moignages oubli\u00e9s, Chiara Curti trace un portrait intime et proche du ma\u00eetre. Ce n\u2019est pas une biographie vue de l\u2019ext\u00e9rieur, mais depuis le coeur de sa vie quotidienne. Chaque t\u00e9moignage est une fen\u00eatre qui r\u00e9v\u00e8le l\u2019homme derri\u00e8re le g\u00e9nie. Les textes sont originaux et ont \u00e9t\u00e9 conserv\u00e9s tels qu\u2019ils ont \u00e9t\u00e9 \u00e9crits, avec leur vivacit\u00e9 et leurs \u00e9motions intactes. Une biographie unique, faite de r\u00e9cits, de regards et de m\u00e9moire vivante.<\/p>\n","protected":false},"featured_media":47672,"comment_status":"closed","ping_status":"closed","template":"","meta":{"_acf_changed":false,"_monsterinsights_skip_tracking":false,"_monsterinsights_sitenote_active":false,"_monsterinsights_sitenote_note":"","_monsterinsights_sitenote_category":0},"product_brand":[],"product_cat":[1557],"product_tag":[],"class_list":{"0":"post-47646","1":"product","2":"type-product","3":"status-publish","4":"has-post-thumbnail","6":"product_cat-antoni-gaudi-fr","7":"pa_idioma-catalan-fr","8":"pa_idioma-english-fr","9":"pa_idioma-espanol-fr-2","10":"pa_idioma-francais-fr","11":"pa_idioma-italiano-fr","13":"first","14":"instock","15":"taxable","16":"shipping-taxable","17":"purchasable","18":"product-type-variable"},"acf":[],"_links":{"self":[{"href":"https:\/\/triangle.cat\/fr\/wp-json\/wp\/v2\/product\/47646","targetHints":{"allow":["GET"]}}],"collection":[{"href":"https:\/\/triangle.cat\/fr\/wp-json\/wp\/v2\/product"}],"about":[{"href":"https:\/\/triangle.cat\/fr\/wp-json\/wp\/v2\/types\/product"}],"replies":[{"embeddable":true,"href":"https:\/\/triangle.cat\/fr\/wp-json\/wp\/v2\/comments?post=47646"}],"wp:featuredmedia":[{"embeddable":true,"href":"https:\/\/triangle.cat\/fr\/wp-json\/wp\/v2\/media\/47672"}],"wp:attachment":[{"href":"https:\/\/triangle.cat\/fr\/wp-json\/wp\/v2\/media?parent=47646"}],"wp:term":[{"taxonomy":"product_brand","embeddable":true,"href":"https:\/\/triangle.cat\/fr\/wp-json\/wp\/v2\/product_brand?post=47646"},{"taxonomy":"product_cat","embeddable":true,"href":"https:\/\/triangle.cat\/fr\/wp-json\/wp\/v2\/product_cat?post=47646"},{"taxonomy":"product_tag","embeddable":true,"href":"https:\/\/triangle.cat\/fr\/wp-json\/wp\/v2\/product_tag?post=47646"}],"curies":[{"name":"wp","href":"https:\/\/api.w.org\/{rel}","templated":true}]}}