
{"id":47503,"date":"2025-10-23T19:34:53","date_gmt":"2025-10-23T17:34:53","guid":{"rendered":"https:\/\/triangle.cat\/producto\/la-casa-navas\/"},"modified":"2025-10-23T19:51:55","modified_gmt":"2025-10-23T17:51:55","slug":"la-casa-navas","status":"publish","type":"product","link":"https:\/\/triangle.cat\/fr\/producto\/la-casa-navas\/","title":{"rendered":"La Casa Nav\u00e0s"},"content":{"rendered":"","protected":false},"excerpt":{"rendered":"<p>Casa Nav\u00e0s est un joyau du Modernisme pr\u00e9serv\u00e9 tel qu\u2019il a \u00e9t\u00e9 con\u00e7u par Llu\u00eds Dom\u00e8nech i Montaner, auteur d\u2019oeuvres embl\u00e9matiques comme le Palais de la Musique Catalane ou l\u2019H\u00f4pital de Sant Pau, class\u00e9s au patrimoine mondial de l\u2019Unesco. L\u2019architecte a int\u00e9gr\u00e9 tous les arts plastiques et d\u00e9coratifs \u00e0 Casa Nav\u00e0s. Les meilleurs artistes de chaque domaine y ont travaill\u00e9, la d\u00e9corant de mosa\u00efques, de sculptures, de meubles, de c\u00e9ramiques et de vitraux spectaculaires. Le r\u00e9sultat est une merveille qui vaut bien le d\u00e9tour.<\/p>\n","protected":false},"featured_media":47453,"comment_status":"closed","ping_status":"closed","template":"","meta":{"_acf_changed":false,"_monsterinsights_skip_tracking":false,"_monsterinsights_sitenote_active":false,"_monsterinsights_sitenote_note":"","_monsterinsights_sitenote_category":0},"product_brand":[],"product_cat":[1536,1542,1531],"product_tag":[],"class_list":{"0":"post-47503","1":"product","2":"type-product","3":"status-publish","4":"has-post-thumbnail","6":"product_cat-art-architecture-fr","7":"product_cat-catalogne-fr","8":"product_cat-livres","9":"pa_idioma-catala-english-fr","10":"pa_idioma-espanol-francais-fr","12":"first","13":"instock","14":"taxable","15":"shipping-taxable","16":"purchasable","17":"product-type-variable"},"acf":[],"_links":{"self":[{"href":"https:\/\/triangle.cat\/fr\/wp-json\/wp\/v2\/product\/47503","targetHints":{"allow":["GET"]}}],"collection":[{"href":"https:\/\/triangle.cat\/fr\/wp-json\/wp\/v2\/product"}],"about":[{"href":"https:\/\/triangle.cat\/fr\/wp-json\/wp\/v2\/types\/product"}],"replies":[{"embeddable":true,"href":"https:\/\/triangle.cat\/fr\/wp-json\/wp\/v2\/comments?post=47503"}],"wp:featuredmedia":[{"embeddable":true,"href":"https:\/\/triangle.cat\/fr\/wp-json\/wp\/v2\/media\/47453"}],"wp:attachment":[{"href":"https:\/\/triangle.cat\/fr\/wp-json\/wp\/v2\/media?parent=47503"}],"wp:term":[{"taxonomy":"product_brand","embeddable":true,"href":"https:\/\/triangle.cat\/fr\/wp-json\/wp\/v2\/product_brand?post=47503"},{"taxonomy":"product_cat","embeddable":true,"href":"https:\/\/triangle.cat\/fr\/wp-json\/wp\/v2\/product_cat?post=47503"},{"taxonomy":"product_tag","embeddable":true,"href":"https:\/\/triangle.cat\/fr\/wp-json\/wp\/v2\/product_tag?post=47503"}],"curies":[{"name":"wp","href":"https:\/\/api.w.org\/{rel}","templated":true}]}}