
{"id":47420,"date":"2025-10-23T11:34:24","date_gmt":"2025-10-23T09:34:24","guid":{"rendered":"https:\/\/triangle.cat\/producto\/casa-navas-i-el-modernisme-del-sud-de-catalunya\/"},"modified":"2025-10-23T13:25:29","modified_gmt":"2025-10-23T11:25:29","slug":"casa-navas-i-el-modernisme-del-sud-de-catalunya","status":"publish","type":"product","link":"https:\/\/triangle.cat\/fr\/producto\/casa-navas-i-el-modernisme-del-sud-de-catalunya\/","title":{"rendered":"Casa Nav\u00e0s i el Modernisme del sud de Catalunya"},"content":{"rendered":"","protected":false},"excerpt":{"rendered":"<p>Casa Nav\u00e0s i el Modernisme del sud de Catalunya\u2019 est un inventaire ambitieux avec pr\u00e8s de sept cents r\u00e9f\u00e9rences de l\u2019architecture moderniste du Camp de Tarragone et des Terres de l\u2019Ebre de la fin du XIXe si\u00e8cle et du d\u00e9but du xxe si\u00e8cle.<\/p>\n<p>L\u2019ouvrage est structur\u00e9 par d\u00e9partements et montre les b\u00e2timents d\u2019une centaine de communes avec un travail photographique excellent et in\u00e9dit. Ce livre vise \u00e0 mettre en valeur tout le patrimoine moderniste des comt\u00e9s du sud de la Catalogne.<\/p>\n<p>La nouvelle publication am\u00e9liore et \u00e9largit le contenu de son pr\u00e9d\u00e9cesseur et se pr\u00e9sente avec une \u00e9dition grand format et de luxe qui se distingue par sa rigueur historique, son design et sa section photographique. spectaculaire<\/p>\n","protected":false},"featured_media":47435,"comment_status":"closed","ping_status":"closed","template":"","meta":{"_acf_changed":false,"_monsterinsights_skip_tracking":false,"_monsterinsights_sitenote_active":false,"_monsterinsights_sitenote_note":"","_monsterinsights_sitenote_category":0},"product_brand":[],"product_cat":[1536,1542,1531],"product_tag":[],"class_list":{"0":"post-47420","1":"product","2":"type-product","3":"status-publish","4":"has-post-thumbnail","6":"product_cat-art-architecture-fr","7":"product_cat-catalogne-fr","8":"product_cat-livres","9":"pa_idioma-catala-english-fr","10":"pa_idioma-espanol-francais-fr","12":"first","13":"instock","14":"taxable","15":"shipping-taxable","16":"purchasable","17":"product-type-variable"},"acf":[],"_links":{"self":[{"href":"https:\/\/triangle.cat\/fr\/wp-json\/wp\/v2\/product\/47420","targetHints":{"allow":["GET"]}}],"collection":[{"href":"https:\/\/triangle.cat\/fr\/wp-json\/wp\/v2\/product"}],"about":[{"href":"https:\/\/triangle.cat\/fr\/wp-json\/wp\/v2\/types\/product"}],"replies":[{"embeddable":true,"href":"https:\/\/triangle.cat\/fr\/wp-json\/wp\/v2\/comments?post=47420"}],"wp:featuredmedia":[{"embeddable":true,"href":"https:\/\/triangle.cat\/fr\/wp-json\/wp\/v2\/media\/47435"}],"wp:attachment":[{"href":"https:\/\/triangle.cat\/fr\/wp-json\/wp\/v2\/media?parent=47420"}],"wp:term":[{"taxonomy":"product_brand","embeddable":true,"href":"https:\/\/triangle.cat\/fr\/wp-json\/wp\/v2\/product_brand?post=47420"},{"taxonomy":"product_cat","embeddable":true,"href":"https:\/\/triangle.cat\/fr\/wp-json\/wp\/v2\/product_cat?post=47420"},{"taxonomy":"product_tag","embeddable":true,"href":"https:\/\/triangle.cat\/fr\/wp-json\/wp\/v2\/product_tag?post=47420"}],"curies":[{"name":"wp","href":"https:\/\/api.w.org\/{rel}","templated":true}]}}