
{"id":47337,"date":"2025-10-20T12:23:36","date_gmt":"2025-10-20T10:23:36","guid":{"rendered":"https:\/\/triangle.cat\/?post_type=product&#038;p=47337"},"modified":"2025-10-20T12:29:47","modified_gmt":"2025-10-20T10:29:47","slug":"gaudi-x-gaudi","status":"publish","type":"product","link":"https:\/\/triangle.cat\/fr\/producto\/gaudi-x-gaudi\/","title":{"rendered":"Gaud\u00ed \u00d7 Gaud\u00ed"},"content":{"rendered":"","protected":false},"excerpt":{"rendered":"<p>Quelle \u00e9tait la vision du monde d\u2019Antoni Gaud\u00ed ? Que pensait le g\u00e9nial architecte quant \u00e0 la beaut\u00e9, la lumi\u00e8re, l\u2019art, la g\u00e9om\u00e9trie ou la nature ?<\/p>\n<p>Cet ouvrage recueille les aspects fondamentaux de sa philosophie, \u00e0 travers de citations compil\u00e9es par ses disciples, et les exemplifi e avec une multitude d\u2019images de ses \u0153uvres les plus connues.<\/p>\n","protected":false},"featured_media":47332,"comment_status":"closed","ping_status":"closed","template":"","meta":{"_acf_changed":false,"_monsterinsights_skip_tracking":false,"_monsterinsights_sitenote_active":false,"_monsterinsights_sitenote_note":"","_monsterinsights_sitenote_category":0},"product_brand":[],"product_cat":[1557,1531,1459],"product_tag":[],"class_list":{"0":"post-47337","1":"product","2":"type-product","3":"status-publish","4":"has-post-thumbnail","6":"product_cat-antoni-gaudi-fr","7":"product_cat-livres","8":"product_cat-de-categoriser","9":"pa_idioma-multilingue-catala-francais-italiano","10":"pa_idioma-multilingue-english-espanol-deutsch-fr","12":"first","13":"instock","14":"taxable","15":"shipping-taxable","16":"purchasable","17":"product-type-variable"},"acf":[],"_links":{"self":[{"href":"https:\/\/triangle.cat\/fr\/wp-json\/wp\/v2\/product\/47337","targetHints":{"allow":["GET"]}}],"collection":[{"href":"https:\/\/triangle.cat\/fr\/wp-json\/wp\/v2\/product"}],"about":[{"href":"https:\/\/triangle.cat\/fr\/wp-json\/wp\/v2\/types\/product"}],"replies":[{"embeddable":true,"href":"https:\/\/triangle.cat\/fr\/wp-json\/wp\/v2\/comments?post=47337"}],"wp:featuredmedia":[{"embeddable":true,"href":"https:\/\/triangle.cat\/fr\/wp-json\/wp\/v2\/media\/47332"}],"wp:attachment":[{"href":"https:\/\/triangle.cat\/fr\/wp-json\/wp\/v2\/media?parent=47337"}],"wp:term":[{"taxonomy":"product_brand","embeddable":true,"href":"https:\/\/triangle.cat\/fr\/wp-json\/wp\/v2\/product_brand?post=47337"},{"taxonomy":"product_cat","embeddable":true,"href":"https:\/\/triangle.cat\/fr\/wp-json\/wp\/v2\/product_cat?post=47337"},{"taxonomy":"product_tag","embeddable":true,"href":"https:\/\/triangle.cat\/fr\/wp-json\/wp\/v2\/product_tag?post=47337"}],"curies":[{"name":"wp","href":"https:\/\/api.w.org\/{rel}","templated":true}]}}