
{"id":47262,"date":"2025-10-20T10:50:08","date_gmt":"2025-10-20T08:50:08","guid":{"rendered":"https:\/\/triangle.cat\/producto\/casa-navas-tarragona\/"},"modified":"2025-10-20T12:29:13","modified_gmt":"2025-10-20T10:29:13","slug":"casa-navas-tarragona","status":"publish","type":"product","link":"https:\/\/triangle.cat\/fr\/producto\/casa-navas-tarragona\/","title":{"rendered":"Casa Nav\u00e0s"},"content":{"rendered":"","protected":false},"excerpt":{"rendered":"<p>Ce livre a pour objectif de mettre en valeur la Casa Nav\u00e0s, de Reus et dominicaine, sans aucun doute, un v\u00e9ritable joyau du modernisme europ\u00e9en. Il refl\u00e8te \u00e9galement l\u2019inventaire de l\u2019architecture du Camp de Tarragona et des Terres de l\u2019Ebre entre 1880 et 1930.<\/p>\n<p>Vous y trouverez pr\u00e8s de sept cents r\u00e9f\u00e9rences, la plupart modernistes, mais aussi \u00e9clectiques et nov\u00e9cintistes.<\/p>\n<p>Elles sont structur\u00e9es par comarques (territoires), avec des \u0153uvres d\u2019Antoni Gaud\u00ed, Llu\u00eds Dom\u00e8nech i Montaner, Josep Maria Jujol, C\u00e8sar Martinell, Joan Rubi\u00f3, Francesc Berenguer, Pere Caselles, Josep Maria Pujol de Barber\u00e0, Pau Mongui\u00f3 ou Ramon Salas, parmi d\u2019autres.<\/p>\n<p>Des images spectaculaires et les infographies correspondantes vous proposent de possibles itin\u00e9raires.<\/p>\n<p>Profitez d\u2019une lecture enrichissante accompagn\u00e9e de photographies \u00e9vocatrices.<\/p>\n","protected":false},"featured_media":47256,"comment_status":"closed","ping_status":"closed","template":"","meta":{"_acf_changed":false,"_monsterinsights_skip_tracking":false,"_monsterinsights_sitenote_active":false,"_monsterinsights_sitenote_note":"","_monsterinsights_sitenote_category":0},"product_brand":[],"product_cat":[1542,1531],"product_tag":[],"class_list":{"0":"post-47262","1":"product","2":"type-product","3":"status-publish","4":"has-post-thumbnail","6":"product_cat-catalogne-fr","7":"product_cat-livres","8":"pa_idioma-catala-english-fr","9":"pa_idioma-espanol-francais-fr","11":"first","12":"instock","13":"taxable","14":"shipping-taxable","15":"purchasable","16":"product-type-variable"},"acf":[],"_links":{"self":[{"href":"https:\/\/triangle.cat\/fr\/wp-json\/wp\/v2\/product\/47262","targetHints":{"allow":["GET"]}}],"collection":[{"href":"https:\/\/triangle.cat\/fr\/wp-json\/wp\/v2\/product"}],"about":[{"href":"https:\/\/triangle.cat\/fr\/wp-json\/wp\/v2\/types\/product"}],"replies":[{"embeddable":true,"href":"https:\/\/triangle.cat\/fr\/wp-json\/wp\/v2\/comments?post=47262"}],"wp:featuredmedia":[{"embeddable":true,"href":"https:\/\/triangle.cat\/fr\/wp-json\/wp\/v2\/media\/47256"}],"wp:attachment":[{"href":"https:\/\/triangle.cat\/fr\/wp-json\/wp\/v2\/media?parent=47262"}],"wp:term":[{"taxonomy":"product_brand","embeddable":true,"href":"https:\/\/triangle.cat\/fr\/wp-json\/wp\/v2\/product_brand?post=47262"},{"taxonomy":"product_cat","embeddable":true,"href":"https:\/\/triangle.cat\/fr\/wp-json\/wp\/v2\/product_cat?post=47262"},{"taxonomy":"product_tag","embeddable":true,"href":"https:\/\/triangle.cat\/fr\/wp-json\/wp\/v2\/product_tag?post=47262"}],"curies":[{"name":"wp","href":"https:\/\/api.w.org\/{rel}","templated":true}]}}