
{"id":47027,"date":"2025-09-17T14:12:09","date_gmt":"2025-09-17T12:12:09","guid":{"rendered":"https:\/\/triangle.cat\/producto\/calendario-catalunya-romanica-2026\/"},"modified":"2025-09-17T14:19:08","modified_gmt":"2025-09-17T12:19:08","slug":"calendario-calendrier-catalogne-romane-2026","status":"publish","type":"product","link":"https:\/\/triangle.cat\/fr\/producto\/calendario-calendrier-catalogne-romane-2026\/","title":{"rendered":"Calendrier Catalogne Romane 2026"},"content":{"rendered":"","protected":false},"excerpt":{"rendered":"<p>Partez au c\u0153ur de l\u2019art roman catalan avec le calendrier Catalogne Romane 2026, une plong\u00e9e unique dans les tr\u00e9sors architecturaux de notre patrimoine m\u00e9di\u00e9val. Chaque mois, une \u00e9glise, un monast\u00e8re ou un d\u00e9tail sculptural. Id\u00e9al pour les passionn\u00e9s d\u2019art, d\u2019histoire et de paysages catalans.<\/p>\n<p>EAN: 8424455260284<\/p>\n","protected":false},"featured_media":47006,"comment_status":"closed","ping_status":"closed","template":"","meta":{"_acf_changed":false,"_monsterinsights_skip_tracking":false,"_monsterinsights_sitenote_active":false,"_monsterinsights_sitenote_note":"","_monsterinsights_sitenote_category":0},"product_brand":[],"product_cat":[1865,1866],"product_tag":[],"class_list":{"0":"post-47027","1":"product","2":"type-product","3":"status-publish","4":"has-post-thumbnail","6":"product_cat-calendrier","7":"product_cat-mur-grand-format","9":"first","10":"instock","11":"taxable","12":"shipping-taxable","13":"purchasable","14":"product-type-simple"},"acf":[],"_links":{"self":[{"href":"https:\/\/triangle.cat\/fr\/wp-json\/wp\/v2\/product\/47027","targetHints":{"allow":["GET"]}}],"collection":[{"href":"https:\/\/triangle.cat\/fr\/wp-json\/wp\/v2\/product"}],"about":[{"href":"https:\/\/triangle.cat\/fr\/wp-json\/wp\/v2\/types\/product"}],"replies":[{"embeddable":true,"href":"https:\/\/triangle.cat\/fr\/wp-json\/wp\/v2\/comments?post=47027"}],"wp:featuredmedia":[{"embeddable":true,"href":"https:\/\/triangle.cat\/fr\/wp-json\/wp\/v2\/media\/47006"}],"wp:attachment":[{"href":"https:\/\/triangle.cat\/fr\/wp-json\/wp\/v2\/media?parent=47027"}],"wp:term":[{"taxonomy":"product_brand","embeddable":true,"href":"https:\/\/triangle.cat\/fr\/wp-json\/wp\/v2\/product_brand?post=47027"},{"taxonomy":"product_cat","embeddable":true,"href":"https:\/\/triangle.cat\/fr\/wp-json\/wp\/v2\/product_cat?post=47027"},{"taxonomy":"product_tag","embeddable":true,"href":"https:\/\/triangle.cat\/fr\/wp-json\/wp\/v2\/product_tag?post=47027"}],"curies":[{"name":"wp","href":"https:\/\/api.w.org\/{rel}","templated":true}]}}