
{"id":46992,"date":"2025-09-17T13:47:26","date_gmt":"2025-09-17T11:47:26","guid":{"rendered":"https:\/\/triangle.cat\/producto\/barcelona-2026\/"},"modified":"2025-09-17T14:26:33","modified_gmt":"2025-09-17T12:26:33","slug":"calendrier-barcelona-2026-capitale-mondiale-de-larchitecture","status":"publish","type":"product","link":"https:\/\/triangle.cat\/fr\/producto\/calendrier-barcelona-2026-capitale-mondiale-de-larchitecture\/","title":{"rendered":"Calendrier Barcelona 2026"},"content":{"rendered":"","protected":false},"excerpt":{"rendered":"<p>Cette ann\u00e9e, Barcelone est la Capitale Mondiale de l\u2019Architecture, et nous le c\u00e9l\u00e9brons avec un calendrier unique qui vous fera d\u00e9couvrir les lieux les plus embl\u00e9matiques de l\u2019architecture moderne de la ville. Un voyage visuel \u00e0 travers une ville tourn\u00e9e vers l\u2019avenir sans oublier son h\u00e9ritage.<\/p>\n<p>EAN: 8424455260154<\/p>\n","protected":false},"featured_media":46970,"comment_status":"closed","ping_status":"closed","template":"","meta":{"_acf_changed":false,"_monsterinsights_skip_tracking":false,"_monsterinsights_sitenote_active":false,"_monsterinsights_sitenote_note":"","_monsterinsights_sitenote_category":0},"product_brand":[],"product_cat":[1865,1866],"product_tag":[],"class_list":{"0":"post-46992","1":"product","2":"type-product","3":"status-publish","4":"has-post-thumbnail","6":"product_cat-calendrier","7":"product_cat-mur-grand-format","9":"first","10":"instock","11":"taxable","12":"shipping-taxable","13":"purchasable","14":"product-type-simple"},"acf":[],"_links":{"self":[{"href":"https:\/\/triangle.cat\/fr\/wp-json\/wp\/v2\/product\/46992","targetHints":{"allow":["GET"]}}],"collection":[{"href":"https:\/\/triangle.cat\/fr\/wp-json\/wp\/v2\/product"}],"about":[{"href":"https:\/\/triangle.cat\/fr\/wp-json\/wp\/v2\/types\/product"}],"replies":[{"embeddable":true,"href":"https:\/\/triangle.cat\/fr\/wp-json\/wp\/v2\/comments?post=46992"}],"wp:featuredmedia":[{"embeddable":true,"href":"https:\/\/triangle.cat\/fr\/wp-json\/wp\/v2\/media\/46970"}],"wp:attachment":[{"href":"https:\/\/triangle.cat\/fr\/wp-json\/wp\/v2\/media?parent=46992"}],"wp:term":[{"taxonomy":"product_brand","embeddable":true,"href":"https:\/\/triangle.cat\/fr\/wp-json\/wp\/v2\/product_brand?post=46992"},{"taxonomy":"product_cat","embeddable":true,"href":"https:\/\/triangle.cat\/fr\/wp-json\/wp\/v2\/product_cat?post=46992"},{"taxonomy":"product_tag","embeddable":true,"href":"https:\/\/triangle.cat\/fr\/wp-json\/wp\/v2\/product_tag?post=46992"}],"curies":[{"name":"wp","href":"https:\/\/api.w.org\/{rel}","templated":true}]}}