
{"id":46945,"date":"2025-09-17T12:58:39","date_gmt":"2025-09-17T10:58:39","guid":{"rendered":"https:\/\/triangle.cat\/producto\/poster-per-a-colorir-casa-batllo\/"},"modified":"2025-09-17T13:20:23","modified_gmt":"2025-09-17T11:20:23","slug":"poster-per-a-colorir-casa-batllo","status":"publish","type":"product","link":"https:\/\/triangle.cat\/fr\/producto\/poster-per-a-colorir-casa-batllo\/","title":{"rendered":"Affiche \u00e0 colorier Casa Batll\u00f3"},"content":{"rendered":"","protected":false},"excerpt":{"rendered":"<p>Un poster qui combine jeu, plaisir et d\u00e9coration. Les petits (et les moins petits), seuls ou en compagnie, pourront plonger dans l\u2019univers de Gaud\u00ed<br \/>\n\u00e0 travers l\u2019une de ses \u0153uvres les plus exceptionnelles, la Casa Batll\u00f3.<\/p>\n<p>Architecture, art, biologie, histoire, faune, flore, astronomie&#8230; Il n\u2019y a pas de th\u00e8me que la couleur ne puisse couvrir et que l\u2019illustration ne puisse expliquer.<\/p>\n<p>Une fusion parfaite de cr\u00e9ativit\u00e9, de plaisir et d\u2019apprentissage !<\/p>\n","protected":false},"featured_media":46918,"comment_status":"closed","ping_status":"closed","template":"","meta":{"_acf_changed":false,"_monsterinsights_skip_tracking":false,"_monsterinsights_sitenote_active":false,"_monsterinsights_sitenote_note":"","_monsterinsights_sitenote_category":0},"product_brand":[],"product_cat":[1912],"product_tag":[],"class_list":{"0":"post-46945","1":"product","2":"type-product","3":"status-publish","4":"has-post-thumbnail","6":"product_cat-llibres-infantils-fr","7":"pa_idioma-english-fr","8":"pa_idioma-espanol-fr-2","10":"first","11":"instock","12":"taxable","13":"shipping-taxable","14":"purchasable","15":"product-type-variable"},"acf":[],"_links":{"self":[{"href":"https:\/\/triangle.cat\/fr\/wp-json\/wp\/v2\/product\/46945","targetHints":{"allow":["GET"]}}],"collection":[{"href":"https:\/\/triangle.cat\/fr\/wp-json\/wp\/v2\/product"}],"about":[{"href":"https:\/\/triangle.cat\/fr\/wp-json\/wp\/v2\/types\/product"}],"replies":[{"embeddable":true,"href":"https:\/\/triangle.cat\/fr\/wp-json\/wp\/v2\/comments?post=46945"}],"wp:featuredmedia":[{"embeddable":true,"href":"https:\/\/triangle.cat\/fr\/wp-json\/wp\/v2\/media\/46918"}],"wp:attachment":[{"href":"https:\/\/triangle.cat\/fr\/wp-json\/wp\/v2\/media?parent=46945"}],"wp:term":[{"taxonomy":"product_brand","embeddable":true,"href":"https:\/\/triangle.cat\/fr\/wp-json\/wp\/v2\/product_brand?post=46945"},{"taxonomy":"product_cat","embeddable":true,"href":"https:\/\/triangle.cat\/fr\/wp-json\/wp\/v2\/product_cat?post=46945"},{"taxonomy":"product_tag","embeddable":true,"href":"https:\/\/triangle.cat\/fr\/wp-json\/wp\/v2\/product_tag?post=46945"}],"curies":[{"name":"wp","href":"https:\/\/api.w.org\/{rel}","templated":true}]}}