
{"id":46909,"date":"2025-09-17T12:07:24","date_gmt":"2025-09-17T10:07:24","guid":{"rendered":"https:\/\/triangle.cat\/producto\/calendari-per-a-colorir-2026\/"},"modified":"2025-10-20T10:12:38","modified_gmt":"2025-10-20T08:12:38","slug":"calendrier-a-colorier-2026","status":"publish","type":"product","link":"https:\/\/triangle.cat\/fr\/producto\/calendrier-a-colorier-2026\/","title":{"rendered":"Calendrier a colorier 2026"},"content":{"rendered":"","protected":false},"excerpt":{"rendered":"<p>Marque les dates les plus importantes pour toi sur ce calendrier \u00e0 colorier.<\/p>\n<p>Chaque jour est unique : personnalise-le selon le temps qu\u2019il a<br \/>\nfait ou ce qui s\u2019est pass\u00e9. Indique les anniversaires de toute la famille et de tes amis. Garde en souvenir les \u00e9v\u00e9nements les plus marquants de l\u2019ann\u00e9e et les dates o\u00f9 il s\u2019est pass\u00e9 quelque chose de sp\u00e9cial. Dessine et colorie en famille tout ce qui te vient \u00e0 l\u2019esprit. Marque les f\u00eates et les c\u00e9l\u00e9brations les plus m\u00e9morables, les voyages, les vacances, les activit\u00e9s les plus attendues et m\u00eame les l\u00e9gumes de saison que tu pr\u00e9f\u00e8res ! Fabrique ton propre calendrier de l\u2019Avent.<\/p>\n<p>Chaque mois, une nouvelle aventure \u00e0 d\u00e9corer !<\/p>\n<p>\u00b7 La m\u00e9t\u00e9o, semaine apr\u00e8s semaine<\/p>\n<p>\u00b7 Calendrier de l\u2019Avent<\/p>\n<p>\u00b7 Texte en six langues<\/p>\n<p>&nbsp;<\/p>\n","protected":false},"featured_media":46885,"comment_status":"closed","ping_status":"closed","template":"","meta":{"_acf_changed":false,"_monsterinsights_skip_tracking":false,"_monsterinsights_sitenote_active":false,"_monsterinsights_sitenote_note":"","_monsterinsights_sitenote_category":0},"product_brand":[],"product_cat":[1912],"product_tag":[],"class_list":{"0":"post-46909","1":"product","2":"type-product","3":"status-publish","4":"has-post-thumbnail","6":"product_cat-llibres-infantils-fr","7":"pa_idioma-multiidioma-fr","9":"first","10":"instock","11":"taxable","12":"shipping-taxable","13":"purchasable","14":"product-type-variable"},"acf":[],"_links":{"self":[{"href":"https:\/\/triangle.cat\/fr\/wp-json\/wp\/v2\/product\/46909","targetHints":{"allow":["GET"]}}],"collection":[{"href":"https:\/\/triangle.cat\/fr\/wp-json\/wp\/v2\/product"}],"about":[{"href":"https:\/\/triangle.cat\/fr\/wp-json\/wp\/v2\/types\/product"}],"replies":[{"embeddable":true,"href":"https:\/\/triangle.cat\/fr\/wp-json\/wp\/v2\/comments?post=46909"}],"wp:featuredmedia":[{"embeddable":true,"href":"https:\/\/triangle.cat\/fr\/wp-json\/wp\/v2\/media\/46885"}],"wp:attachment":[{"href":"https:\/\/triangle.cat\/fr\/wp-json\/wp\/v2\/media?parent=46909"}],"wp:term":[{"taxonomy":"product_brand","embeddable":true,"href":"https:\/\/triangle.cat\/fr\/wp-json\/wp\/v2\/product_brand?post=46909"},{"taxonomy":"product_cat","embeddable":true,"href":"https:\/\/triangle.cat\/fr\/wp-json\/wp\/v2\/product_cat?post=46909"},{"taxonomy":"product_tag","embeddable":true,"href":"https:\/\/triangle.cat\/fr\/wp-json\/wp\/v2\/product_tag?post=46909"}],"curies":[{"name":"wp","href":"https:\/\/api.w.org\/{rel}","templated":true}]}}