
{"id":46869,"date":"2025-09-17T11:34:10","date_gmt":"2025-09-17T09:34:10","guid":{"rendered":"https:\/\/triangle.cat\/producto\/la-nedadora\/"},"modified":"2025-09-17T11:49:39","modified_gmt":"2025-09-17T09:49:39","slug":"la-nedadora","status":"publish","type":"product","link":"https:\/\/triangle.cat\/fr\/producto\/la-nedadora\/","title":{"rendered":"La nedadora"},"content":{"rendered":"","protected":false},"excerpt":{"rendered":"<p>Tita Llorens (Ciutadella, 1968) est une grande nageuse qui r\u00e9alise de longues travers\u00e9es, tant en eau sal\u00e9e qu\u2019en eau douce.<\/p>\n<p>Dans cette belle histoire, \u00e0 travers les yeux de sa petite-fille, Mia, nous l\u2019accompagnons dans l\u2019aventure de s\u2019aventurer \u00e0 faire ce qu\u2019elle souhaite, sans que le genre ou l\u2019\u00e2ge ne soient des obstacles.<\/p>\n<p>Une histoire de courage et de pers\u00e9v\u00e9rance, par\u00e9e de tendresse et d\u2019amour entre les g\u00e9n\u00e9rations.<\/p>\n","protected":false},"featured_media":46841,"comment_status":"closed","ping_status":"closed","template":"","meta":{"_acf_changed":false,"_monsterinsights_skip_tracking":false,"_monsterinsights_sitenote_active":false,"_monsterinsights_sitenote_note":"","_monsterinsights_sitenote_category":0},"product_brand":[],"product_cat":[1566,1912,1563],"product_tag":[],"class_list":{"0":"post-46869","1":"product","2":"type-product","3":"status-publish","4":"has-post-thumbnail","6":"product_cat-livres-illustres","7":"product_cat-llibres-infantils-fr","8":"product_cat-pour-enfants","9":"pa_idioma-catalan-fr","10":"pa_idioma-espanol-fr-2","11":"pa_idioma-euskera-fr","13":"first","14":"instock","15":"taxable","16":"shipping-taxable","17":"purchasable","18":"product-type-variable"},"acf":[],"_links":{"self":[{"href":"https:\/\/triangle.cat\/fr\/wp-json\/wp\/v2\/product\/46869","targetHints":{"allow":["GET"]}}],"collection":[{"href":"https:\/\/triangle.cat\/fr\/wp-json\/wp\/v2\/product"}],"about":[{"href":"https:\/\/triangle.cat\/fr\/wp-json\/wp\/v2\/types\/product"}],"replies":[{"embeddable":true,"href":"https:\/\/triangle.cat\/fr\/wp-json\/wp\/v2\/comments?post=46869"}],"wp:featuredmedia":[{"embeddable":true,"href":"https:\/\/triangle.cat\/fr\/wp-json\/wp\/v2\/media\/46841"}],"wp:attachment":[{"href":"https:\/\/triangle.cat\/fr\/wp-json\/wp\/v2\/media?parent=46869"}],"wp:term":[{"taxonomy":"product_brand","embeddable":true,"href":"https:\/\/triangle.cat\/fr\/wp-json\/wp\/v2\/product_brand?post=46869"},{"taxonomy":"product_cat","embeddable":true,"href":"https:\/\/triangle.cat\/fr\/wp-json\/wp\/v2\/product_cat?post=46869"},{"taxonomy":"product_tag","embeddable":true,"href":"https:\/\/triangle.cat\/fr\/wp-json\/wp\/v2\/product_tag?post=46869"}],"curies":[{"name":"wp","href":"https:\/\/api.w.org\/{rel}","templated":true}]}}