
{"id":46705,"date":"2025-09-03T12:06:54","date_gmt":"2025-09-03T10:06:54","guid":{"rendered":"https:\/\/triangle.cat\/producto\/barcelona-postals-per-a-pintar\/"},"modified":"2025-09-03T12:22:23","modified_gmt":"2025-09-03T10:22:23","slug":"barcelona-postals-per-a-pintar","status":"publish","type":"product","link":"https:\/\/triangle.cat\/fr\/producto\/barcelona-postals-per-a-pintar\/","title":{"rendered":"Barcelona"},"content":{"rendered":"","protected":false},"excerpt":{"rendered":"<p>Maintenant, vous choisissez la COULEUR de Barcelone, Gaud\u00ed et la Catalogne. Une fusion parfaite de cr\u00e9ativit\u00e9, de plaisir et d\u2019apprentissage.<\/p>\n<p>Un pack de cartes postales pour jouer et apprendre o\u00f9 que vous soyez, et envoyer des cr\u00e9a-tions spectaculaires \u00e0 vos amis ou \u00e0 votre famille.<\/p>\n<p>Coloriez les lieux les plus embl\u00e9matiques de Barcelone et les b\u00e2timents que le plus c\u00e9l\u00e8bre architecte du modernisme catalan a laiss\u00e9s \u00e0 la ville.<\/p>\n","protected":false},"featured_media":46667,"comment_status":"closed","ping_status":"closed","template":"","meta":{"_acf_changed":false,"_monsterinsights_skip_tracking":false,"_monsterinsights_sitenote_active":false,"_monsterinsights_sitenote_note":"","_monsterinsights_sitenote_category":0},"product_brand":[],"product_cat":[1912,1563,1459],"product_tag":[],"class_list":{"0":"post-46705","1":"product","2":"type-product","3":"status-publish","4":"has-post-thumbnail","6":"product_cat-llibres-infantils-fr","7":"product_cat-pour-enfants","8":"product_cat-de-categoriser","10":"first","11":"instock","12":"taxable","13":"shipping-taxable","14":"purchasable","15":"product-type-simple"},"acf":[],"_links":{"self":[{"href":"https:\/\/triangle.cat\/fr\/wp-json\/wp\/v2\/product\/46705","targetHints":{"allow":["GET"]}}],"collection":[{"href":"https:\/\/triangle.cat\/fr\/wp-json\/wp\/v2\/product"}],"about":[{"href":"https:\/\/triangle.cat\/fr\/wp-json\/wp\/v2\/types\/product"}],"replies":[{"embeddable":true,"href":"https:\/\/triangle.cat\/fr\/wp-json\/wp\/v2\/comments?post=46705"}],"wp:featuredmedia":[{"embeddable":true,"href":"https:\/\/triangle.cat\/fr\/wp-json\/wp\/v2\/media\/46667"}],"wp:attachment":[{"href":"https:\/\/triangle.cat\/fr\/wp-json\/wp\/v2\/media?parent=46705"}],"wp:term":[{"taxonomy":"product_brand","embeddable":true,"href":"https:\/\/triangle.cat\/fr\/wp-json\/wp\/v2\/product_brand?post=46705"},{"taxonomy":"product_cat","embeddable":true,"href":"https:\/\/triangle.cat\/fr\/wp-json\/wp\/v2\/product_cat?post=46705"},{"taxonomy":"product_tag","embeddable":true,"href":"https:\/\/triangle.cat\/fr\/wp-json\/wp\/v2\/product_tag?post=46705"}],"curies":[{"name":"wp","href":"https:\/\/api.w.org\/{rel}","templated":true}]}}