
{"id":46590,"date":"2023-02-13T11:05:00","date_gmt":"2025-08-08T09:41:07","guid":{"rendered":"https:\/\/triangle.cat\/?post_type=product&#038;p=46590"},"modified":"2025-08-08T11:50:14","modified_gmt":"2025-08-08T09:50:14","slug":"cares-de-mallorca","status":"publish","type":"product","link":"https:\/\/triangle.cat\/fr\/producto\/cares-de-mallorca\/","title":{"rendered":"Cares de Mallorca"},"content":{"rendered":"","protected":false},"excerpt":{"rendered":"<p data-prosemirror-content-type=\"node\" data-prosemirror-node-name=\"paragraph\" data-prosemirror-node-block=\"true\" data-pm-slice=\"1 1 []\"><em data-prosemirror-content-type=\"mark\" data-prosemirror-mark-name=\"em\">Cares de Mallorca<\/em>\u00a0est un magnifique livre de portraits photographiques qui pr\u00e9sente la v\u00e9ritable Majorque \u00e0 travers les yeux des habitants et la narration de leurs histoires fascinantes.<br data-prosemirror-content-type=\"node\" data-prosemirror-node-name=\"hardBreak\" data-prosemirror-node-inline=\"true\" \/>Soutenu par certains des principaux professionnels du secteur du voyage, tant au niveau international qu\u2019\u00e0 Majorque, il capture l\u2019essence de l\u2019\u00eele en montrant ses visages cach\u00e9s que les touristes et visiteurs ne voient g\u00e9n\u00e9ralement pas.<br data-prosemirror-content-type=\"node\" data-prosemirror-node-name=\"hardBreak\" data-prosemirror-node-inline=\"true\" \/>\u00ab\u00a0Visages de Majorque\u00a0\u00bb nous pr\u00e9sente 59 habitants de l&rsquo;\u00eele et capture avec authenticit\u00e9 les espoirs, les r\u00eaves et les aspirations de chacun. Il nous montre la diversit\u00e9 culturelle et le riche patrimoine du pass\u00e9 et nous montre comment ses habitants s\u2019adaptent \u00e0 un futur nouveau et brillant.<br data-prosemirror-content-type=\"node\" data-prosemirror-node-name=\"hardBreak\" data-prosemirror-node-inline=\"true\" \/>Que ce soit \u00e0 travers la photographie, les histoires \u00e9mouvantes ou simplement Majorque,\u00a0<em data-prosemirror-content-type=\"mark\" data-prosemirror-mark-name=\"em\">Cares de Mallorca<\/em>\u00a0vous transporte dans la vie des gens de cet endroit chaud et ensoleill\u00e9.<\/p>\n<p data-prosemirror-content-type=\"node\" data-prosemirror-node-name=\"paragraph\" data-prosemirror-node-block=\"true\">\n","protected":false},"featured_media":30633,"comment_status":"closed","ping_status":"closed","template":"","meta":{"_acf_changed":false,"_monsterinsights_skip_tracking":false,"_monsterinsights_sitenote_active":false,"_monsterinsights_sitenote_note":"","_monsterinsights_sitenote_category":0},"product_brand":[],"product_cat":[1569,1555],"product_tag":[],"class_list":{"0":"post-46590","1":"product","2":"type-product","3":"status-publish","4":"has-post-thumbnail","6":"product_cat-majorque","7":"product_cat-photographie-design","8":"pa_idioma-catalan-fr","9":"pa_idioma-deutsch-fr","10":"pa_idioma-english-fr","11":"pa_idioma-espanol-fr-2","13":"first","14":"instock","15":"taxable","16":"shipping-taxable","17":"purchasable","18":"product-type-variable","19":"has-default-attributes"},"acf":[],"_links":{"self":[{"href":"https:\/\/triangle.cat\/fr\/wp-json\/wp\/v2\/product\/46590","targetHints":{"allow":["GET"]}}],"collection":[{"href":"https:\/\/triangle.cat\/fr\/wp-json\/wp\/v2\/product"}],"about":[{"href":"https:\/\/triangle.cat\/fr\/wp-json\/wp\/v2\/types\/product"}],"replies":[{"embeddable":true,"href":"https:\/\/triangle.cat\/fr\/wp-json\/wp\/v2\/comments?post=46590"}],"wp:featuredmedia":[{"embeddable":true,"href":"https:\/\/triangle.cat\/fr\/wp-json\/wp\/v2\/media\/30633"}],"wp:attachment":[{"href":"https:\/\/triangle.cat\/fr\/wp-json\/wp\/v2\/media?parent=46590"}],"wp:term":[{"taxonomy":"product_brand","embeddable":true,"href":"https:\/\/triangle.cat\/fr\/wp-json\/wp\/v2\/product_brand?post=46590"},{"taxonomy":"product_cat","embeddable":true,"href":"https:\/\/triangle.cat\/fr\/wp-json\/wp\/v2\/product_cat?post=46590"},{"taxonomy":"product_tag","embeddable":true,"href":"https:\/\/triangle.cat\/fr\/wp-json\/wp\/v2\/product_tag?post=46590"}],"curies":[{"name":"wp","href":"https:\/\/api.w.org\/{rel}","templated":true}]}}