
{"id":46267,"date":"2025-07-11T15:01:36","date_gmt":"2025-07-11T13:01:36","guid":{"rendered":"https:\/\/triangle.cat\/producto\/la-pedrera-casa-mila-2\/"},"modified":"2025-07-11T17:32:13","modified_gmt":"2025-07-11T15:32:13","slug":"la-pedrera-casa-mila-2","status":"publish","type":"product","link":"https:\/\/triangle.cat\/fr\/producto\/la-pedrera-casa-mila-2\/","title":{"rendered":"La Pedrera"},"content":{"rendered":"","protected":false},"excerpt":{"rendered":"<p>La publication de cette monographie sert \u00e0 actualiser les informations sur le b\u00e2timent et son histoire, avec des articles in\u00e9dits et pertinents sur l\u2019art d\u00e9coratif dans cet \u00e9difice r\u00e9sidentiel. Les articles d\u2019experts sont illustr\u00e9s avec des images historiques, in\u00e9dites et actuelles de La Pedrera. Cette \u00e9dition inclut \u00e9galement une chronologie illustr\u00e9e. La collection montre que Gaud\u00ed avait atteint son apog\u00e9e formelle et stylistique lorsqu\u2019il construisit La Pedrera &#8211; Casa Mil\u00e0. Son caract\u00e8re unique et sa valeur patrimoniale et artistique furent amplement d\u00e9montr\u00e9s lorsqu\u2019elle fut incluse dans le catalogue du Patrimoine Artistique de la ville de Barcelone en 1962, avec la d\u00e9claration comme Bien Culturel d\u2019Int\u00e9r\u00eat National (BCIN) en 1969, et lorsque l\u2019UNESCO l\u2019inscrivit comme Bien Culturel du Patrimoine Mondial en<br \/>\n1984 pour sa valeur universelle exceptionnelle.<\/p>\n","protected":false},"featured_media":46184,"comment_status":"closed","ping_status":"closed","template":"","meta":{"_acf_changed":false,"_monsterinsights_skip_tracking":false,"_monsterinsights_sitenote_active":false,"_monsterinsights_sitenote_note":"","_monsterinsights_sitenote_category":0},"product_brand":[],"product_cat":[1557,1536,1531],"product_tag":[],"class_list":{"0":"post-46267","1":"product","2":"type-product","3":"status-publish","4":"has-post-thumbnail","6":"product_cat-antoni-gaudi-fr","7":"product_cat-art-architecture-fr","8":"product_cat-livres","9":"pa_idioma-anglais","10":"pa_idioma-catalan-fr","11":"pa_idioma-chinois","12":"pa_idioma-espanol-fr-2","14":"first","15":"instock","16":"taxable","17":"shipping-taxable","18":"purchasable","19":"product-type-variable"},"acf":[],"_links":{"self":[{"href":"https:\/\/triangle.cat\/fr\/wp-json\/wp\/v2\/product\/46267","targetHints":{"allow":["GET"]}}],"collection":[{"href":"https:\/\/triangle.cat\/fr\/wp-json\/wp\/v2\/product"}],"about":[{"href":"https:\/\/triangle.cat\/fr\/wp-json\/wp\/v2\/types\/product"}],"replies":[{"embeddable":true,"href":"https:\/\/triangle.cat\/fr\/wp-json\/wp\/v2\/comments?post=46267"}],"wp:featuredmedia":[{"embeddable":true,"href":"https:\/\/triangle.cat\/fr\/wp-json\/wp\/v2\/media\/46184"}],"wp:attachment":[{"href":"https:\/\/triangle.cat\/fr\/wp-json\/wp\/v2\/media?parent=46267"}],"wp:term":[{"taxonomy":"product_brand","embeddable":true,"href":"https:\/\/triangle.cat\/fr\/wp-json\/wp\/v2\/product_brand?post=46267"},{"taxonomy":"product_cat","embeddable":true,"href":"https:\/\/triangle.cat\/fr\/wp-json\/wp\/v2\/product_cat?post=46267"},{"taxonomy":"product_tag","embeddable":true,"href":"https:\/\/triangle.cat\/fr\/wp-json\/wp\/v2\/product_tag?post=46267"}],"curies":[{"name":"wp","href":"https:\/\/api.w.org\/{rel}","templated":true}]}}