
{"id":45928,"date":"2025-06-30T00:15:26","date_gmt":"2025-06-29T22:15:26","guid":{"rendered":"https:\/\/triangle.cat\/producto\/la-casa-de-nines\/"},"modified":"2025-07-01T13:46:42","modified_gmt":"2025-07-01T11:46:42","slug":"la-maison-de-poupees-casa-batllo","status":"publish","type":"product","link":"https:\/\/triangle.cat\/fr\/producto\/la-maison-de-poupees-casa-batllo\/","title":{"rendered":"Casa Batll\u00f3"},"content":{"rendered":"","protected":false},"excerpt":{"rendered":"<p>Un conte en forme de Casa Batll\u00f3 qui, en l&rsquo;ouvrant, se transforme en une maison de poup\u00e9es o\u00f9 jouer avec les personnages et le mobilier de ce b\u00e2timent embl\u00e9matique de Barcelone. Avec plus de 30 autocollants amovibles, les petits voyageurs pourront cr\u00e9er des millions d&rsquo;histoires \u00e0 l&rsquo;int\u00e9rieur de ce monument incroyable, chef-d&rsquo;\u0153uvre d&rsquo;Antoni Gaud\u00ed.<\/p>\n","protected":false},"featured_media":45949,"comment_status":"closed","ping_status":"closed","template":"","meta":{"_acf_changed":false,"_monsterinsights_skip_tracking":false,"_monsterinsights_sitenote_active":false,"_monsterinsights_sitenote_note":"","_monsterinsights_sitenote_category":0},"product_brand":[],"product_cat":[1912,1563],"product_tag":[],"class_list":{"0":"post-45928","1":"product","2":"type-product","3":"status-publish","4":"has-post-thumbnail","6":"product_cat-llibres-infantils-fr","7":"product_cat-pour-enfants","8":"pa_idioma-multiidioma-fr","10":"first","11":"instock","12":"taxable","13":"shipping-taxable","14":"product-type-variable"},"acf":[],"_links":{"self":[{"href":"https:\/\/triangle.cat\/fr\/wp-json\/wp\/v2\/product\/45928","targetHints":{"allow":["GET"]}}],"collection":[{"href":"https:\/\/triangle.cat\/fr\/wp-json\/wp\/v2\/product"}],"about":[{"href":"https:\/\/triangle.cat\/fr\/wp-json\/wp\/v2\/types\/product"}],"replies":[{"embeddable":true,"href":"https:\/\/triangle.cat\/fr\/wp-json\/wp\/v2\/comments?post=45928"}],"wp:featuredmedia":[{"embeddable":true,"href":"https:\/\/triangle.cat\/fr\/wp-json\/wp\/v2\/media\/45949"}],"wp:attachment":[{"href":"https:\/\/triangle.cat\/fr\/wp-json\/wp\/v2\/media?parent=45928"}],"wp:term":[{"taxonomy":"product_brand","embeddable":true,"href":"https:\/\/triangle.cat\/fr\/wp-json\/wp\/v2\/product_brand?post=45928"},{"taxonomy":"product_cat","embeddable":true,"href":"https:\/\/triangle.cat\/fr\/wp-json\/wp\/v2\/product_cat?post=45928"},{"taxonomy":"product_tag","embeddable":true,"href":"https:\/\/triangle.cat\/fr\/wp-json\/wp\/v2\/product_tag?post=45928"}],"curies":[{"name":"wp","href":"https:\/\/api.w.org\/{rel}","templated":true}]}}