
{"id":45610,"date":"2022-03-06T00:00:00","date_gmt":"2022-03-05T22:00:00","guid":{"rendered":"https:\/\/triangle.cat\/producto\/calendrier-2026-dessus-de-table-carre-grenade\/"},"modified":"2025-04-15T21:49:44","modified_gmt":"2025-04-15T19:49:44","slug":"calendrier-2026-dessus-de-table-carre-grenade","status":"publish","type":"product","link":"https:\/\/triangle.cat\/fr\/producto\/calendrier-2026-dessus-de-table-carre-grenade\/","title":{"rendered":"Calendrier 2026 Dessus de table carr\u00e9 Grenade"},"content":{"rendered":"","protected":false},"excerpt":{"rendered":"<p>D\u00e9couvrez Grenade, l&rsquo;une des villes les plus fascinantes d&rsquo;Andalousie, la beaut\u00e9 exceptionnelle de ses environs et de ses monuments en font un paradis pour les voyageurs. <\/br><\/br>EAN:8424455260697 &#8211; S26GR<\/p>\n","protected":false},"featured_media":45210,"comment_status":"closed","ping_status":"open","template":"","meta":{"_acf_changed":false,"_monsterinsights_skip_tracking":false,"_monsterinsights_sitenote_active":false,"_monsterinsights_sitenote_note":"","_monsterinsights_sitenote_category":0},"product_brand":[],"product_cat":[1870],"product_tag":[],"class_list":{"0":"post-45610","1":"product","2":"type-product","3":"status-publish","4":"has-post-thumbnail","6":"product_cat-dessus-de-table-carre","8":"first","9":"instock","10":"purchasable","11":"product-type-simple"},"acf":[],"_links":{"self":[{"href":"https:\/\/triangle.cat\/fr\/wp-json\/wp\/v2\/product\/45610","targetHints":{"allow":["GET"]}}],"collection":[{"href":"https:\/\/triangle.cat\/fr\/wp-json\/wp\/v2\/product"}],"about":[{"href":"https:\/\/triangle.cat\/fr\/wp-json\/wp\/v2\/types\/product"}],"replies":[{"embeddable":true,"href":"https:\/\/triangle.cat\/fr\/wp-json\/wp\/v2\/comments?post=45610"}],"wp:featuredmedia":[{"embeddable":true,"href":"https:\/\/triangle.cat\/fr\/wp-json\/wp\/v2\/media\/45210"}],"wp:attachment":[{"href":"https:\/\/triangle.cat\/fr\/wp-json\/wp\/v2\/media?parent=45610"}],"wp:term":[{"taxonomy":"product_brand","embeddable":true,"href":"https:\/\/triangle.cat\/fr\/wp-json\/wp\/v2\/product_brand?post=45610"},{"taxonomy":"product_cat","embeddable":true,"href":"https:\/\/triangle.cat\/fr\/wp-json\/wp\/v2\/product_cat?post=45610"},{"taxonomy":"product_tag","embeddable":true,"href":"https:\/\/triangle.cat\/fr\/wp-json\/wp\/v2\/product_tag?post=45610"}],"curies":[{"name":"wp","href":"https:\/\/api.w.org\/{rel}","templated":true}]}}