
{"id":45052,"date":"2022-03-06T00:00:00","date_gmt":"2022-03-05T22:00:00","guid":{"rendered":"https:\/\/triangle.cat\/producto\/calendrier-2026-valencia-2\/"},"modified":"2025-04-15T19:36:53","modified_gmt":"2025-04-15T17:36:53","slug":"calendrier-2026-valencia-2","status":"publish","type":"product","link":"https:\/\/triangle.cat\/fr\/producto\/calendrier-2026-valencia-2\/","title":{"rendered":"Calendrier 2026 Valencia"},"content":{"rendered":"","protected":false},"excerpt":{"rendered":"<p>Toute la beaut\u00e9 de Valence, l&rsquo;une des villes les plus vivantes et dynamiques d&rsquo;Espagne, dans un magnifique calendrier mural dans lequel vous d\u00e9couvrirez la beaut\u00e9 historique de cette ville m\u00e9diterran\u00e9enne lumineuse. <\/br><\/br>EAN:8424455260482 &#8211; 26VAL<\/p>\n","protected":false},"featured_media":44460,"comment_status":"closed","ping_status":"closed","template":"","meta":{"_acf_changed":false,"_monsterinsights_skip_tracking":false,"_monsterinsights_sitenote_active":false,"_monsterinsights_sitenote_note":"","_monsterinsights_sitenote_category":0},"product_brand":[],"product_cat":[1865,1869],"product_tag":[],"class_list":{"0":"post-45052","1":"product","2":"type-product","3":"status-publish","4":"has-post-thumbnail","6":"product_cat-calendrier","7":"product_cat-petit-format-mural","9":"first","10":"instock","11":"purchasable","12":"product-type-simple"},"acf":[],"_links":{"self":[{"href":"https:\/\/triangle.cat\/fr\/wp-json\/wp\/v2\/product\/45052","targetHints":{"allow":["GET"]}}],"collection":[{"href":"https:\/\/triangle.cat\/fr\/wp-json\/wp\/v2\/product"}],"about":[{"href":"https:\/\/triangle.cat\/fr\/wp-json\/wp\/v2\/types\/product"}],"replies":[{"embeddable":true,"href":"https:\/\/triangle.cat\/fr\/wp-json\/wp\/v2\/comments?post=45052"}],"wp:featuredmedia":[{"embeddable":true,"href":"https:\/\/triangle.cat\/fr\/wp-json\/wp\/v2\/media\/44460"}],"wp:attachment":[{"href":"https:\/\/triangle.cat\/fr\/wp-json\/wp\/v2\/media?parent=45052"}],"wp:term":[{"taxonomy":"product_brand","embeddable":true,"href":"https:\/\/triangle.cat\/fr\/wp-json\/wp\/v2\/product_brand?post=45052"},{"taxonomy":"product_cat","embeddable":true,"href":"https:\/\/triangle.cat\/fr\/wp-json\/wp\/v2\/product_cat?post=45052"},{"taxonomy":"product_tag","embeddable":true,"href":"https:\/\/triangle.cat\/fr\/wp-json\/wp\/v2\/product_tag?post=45052"}],"curies":[{"name":"wp","href":"https:\/\/api.w.org\/{rel}","templated":true}]}}