
{"id":45040,"date":"2022-03-06T00:00:00","date_gmt":"2022-03-05T22:00:00","guid":{"rendered":"https:\/\/triangle.cat\/producto\/calendrier-2026-gaudi-a-batllo-2\/"},"modified":"2025-04-15T19:35:54","modified_gmt":"2025-04-15T17:35:54","slug":"calendrier-2026-gaudi-a-batllo-2","status":"publish","type":"product","link":"https:\/\/triangle.cat\/fr\/producto\/calendrier-2026-gaudi-a-batllo-2\/","title":{"rendered":"Calendrier 2026 Gaud\u00ed A (Batll\u00f3)"},"content":{"rendered":"","protected":false},"excerpt":{"rendered":"<p>Quelques-uns des plus beaux b\u00e2timents que le ma\u00eetre Antoni Gaud\u00ed a construits \u00e0 Barcelone sont rassembl\u00e9s dans ce calendrier qui, en 12 images soigneusement choisies, vise \u00e0 vous rapprocher de l&rsquo;\u0153uvre de l&rsquo;incomparable architecte. <\/br><\/br>EAN:8424455260369 &#8211; 26G1-A<\/p>\n","protected":false},"featured_media":44743,"comment_status":"closed","ping_status":"open","template":"","meta":{"_acf_changed":false,"_monsterinsights_skip_tracking":false,"_monsterinsights_sitenote_active":false,"_monsterinsights_sitenote_note":"","_monsterinsights_sitenote_category":0},"product_brand":[],"product_cat":[1869],"product_tag":[],"class_list":{"0":"post-45040","1":"product","2":"type-product","3":"status-publish","4":"has-post-thumbnail","6":"product_cat-petit-format-mural","8":"first","9":"instock","10":"purchasable","11":"product-type-simple"},"acf":[],"_links":{"self":[{"href":"https:\/\/triangle.cat\/fr\/wp-json\/wp\/v2\/product\/45040","targetHints":{"allow":["GET"]}}],"collection":[{"href":"https:\/\/triangle.cat\/fr\/wp-json\/wp\/v2\/product"}],"about":[{"href":"https:\/\/triangle.cat\/fr\/wp-json\/wp\/v2\/types\/product"}],"replies":[{"embeddable":true,"href":"https:\/\/triangle.cat\/fr\/wp-json\/wp\/v2\/comments?post=45040"}],"wp:featuredmedia":[{"embeddable":true,"href":"https:\/\/triangle.cat\/fr\/wp-json\/wp\/v2\/media\/44743"}],"wp:attachment":[{"href":"https:\/\/triangle.cat\/fr\/wp-json\/wp\/v2\/media?parent=45040"}],"wp:term":[{"taxonomy":"product_brand","embeddable":true,"href":"https:\/\/triangle.cat\/fr\/wp-json\/wp\/v2\/product_brand?post=45040"},{"taxonomy":"product_cat","embeddable":true,"href":"https:\/\/triangle.cat\/fr\/wp-json\/wp\/v2\/product_cat?post=45040"},{"taxonomy":"product_tag","embeddable":true,"href":"https:\/\/triangle.cat\/fr\/wp-json\/wp\/v2\/product_tag?post=45040"}],"curies":[{"name":"wp","href":"https:\/\/api.w.org\/{rel}","templated":true}]}}