
{"id":44623,"date":"2022-03-06T00:00:00","date_gmt":"2022-03-05T22:00:00","guid":{"rendered":"https:\/\/triangle.cat\/producto\/calendrier-2026-modernisme\/"},"modified":"2025-04-15T17:12:13","modified_gmt":"2025-04-15T15:12:13","slug":"calendrier-2026-modernisme","status":"publish","type":"product","link":"https:\/\/triangle.cat\/fr\/producto\/calendrier-2026-modernisme\/","title":{"rendered":"Calendrier 2026 Modernisme"},"content":{"rendered":"","protected":false},"excerpt":{"rendered":"<p>Laissez-vous s\u00e9duire par les fabuleuses \u0153uvres de ce mouvement artistique qui a connu un accueil extraordinaire \u00e0 Barcelone. 12 images soigneusement choisies qui rempliront vos murs de beaut\u00e9 et de couleurs. <\/br><\/br>EAN:8424455260192 &#8211; 26MODG<\/p>\n","protected":false},"featured_media":44384,"comment_status":"closed","ping_status":"open","template":"","meta":{"_acf_changed":false,"_monsterinsights_skip_tracking":false,"_monsterinsights_sitenote_active":false,"_monsterinsights_sitenote_note":"","_monsterinsights_sitenote_category":0},"product_brand":[],"product_cat":[1866],"product_tag":[],"class_list":{"0":"post-44623","1":"product","2":"type-product","3":"status-publish","4":"has-post-thumbnail","6":"product_cat-mur-grand-format","8":"first","9":"instock","10":"purchasable","11":"product-type-simple"},"acf":[],"_links":{"self":[{"href":"https:\/\/triangle.cat\/fr\/wp-json\/wp\/v2\/product\/44623","targetHints":{"allow":["GET"]}}],"collection":[{"href":"https:\/\/triangle.cat\/fr\/wp-json\/wp\/v2\/product"}],"about":[{"href":"https:\/\/triangle.cat\/fr\/wp-json\/wp\/v2\/types\/product"}],"replies":[{"embeddable":true,"href":"https:\/\/triangle.cat\/fr\/wp-json\/wp\/v2\/comments?post=44623"}],"wp:featuredmedia":[{"embeddable":true,"href":"https:\/\/triangle.cat\/fr\/wp-json\/wp\/v2\/media\/44384"}],"wp:attachment":[{"href":"https:\/\/triangle.cat\/fr\/wp-json\/wp\/v2\/media?parent=44623"}],"wp:term":[{"taxonomy":"product_brand","embeddable":true,"href":"https:\/\/triangle.cat\/fr\/wp-json\/wp\/v2\/product_brand?post=44623"},{"taxonomy":"product_cat","embeddable":true,"href":"https:\/\/triangle.cat\/fr\/wp-json\/wp\/v2\/product_cat?post=44623"},{"taxonomy":"product_tag","embeddable":true,"href":"https:\/\/triangle.cat\/fr\/wp-json\/wp\/v2\/product_tag?post=44623"}],"curies":[{"name":"wp","href":"https:\/\/api.w.org\/{rel}","templated":true}]}}