
{"id":44611,"date":"2022-03-06T00:00:00","date_gmt":"2022-03-05T22:00:00","guid":{"rendered":"https:\/\/triangle.cat\/producto\/calendrier-2026-ibiza\/"},"modified":"2025-04-15T17:11:10","modified_gmt":"2025-04-15T15:11:10","slug":"calendrier-2026-ibiza","status":"publish","type":"product","link":"https:\/\/triangle.cat\/fr\/producto\/calendrier-2026-ibiza\/","title":{"rendered":"Calendrier 2026 Ibiza"},"content":{"rendered":"","protected":false},"excerpt":{"rendered":"<p>Ibiza est bien plus que ses bo\u00eetes de nuit mondialement connues et sa vie nocturne attrayante. La beaut\u00e9 de ses plages et de ses villages est captur\u00e9e dans 12 magnifiques photographies qui vous montrent \u00ab\u00a0l&rsquo;autre Ibiza\u00a0\u00bb. <\/br><\/br>EAN:8424455260260 &#8211; 26EIG<\/p>\n","protected":false},"featured_media":44160,"comment_status":"closed","ping_status":"open","template":"","meta":{"_acf_changed":false,"_monsterinsights_skip_tracking":false,"_monsterinsights_sitenote_active":false,"_monsterinsights_sitenote_note":"","_monsterinsights_sitenote_category":0},"product_brand":[],"product_cat":[1866],"product_tag":[],"class_list":{"0":"post-44611","1":"product","2":"type-product","3":"status-publish","4":"has-post-thumbnail","6":"product_cat-mur-grand-format","8":"first","9":"instock","10":"purchasable","11":"product-type-simple"},"acf":[],"_links":{"self":[{"href":"https:\/\/triangle.cat\/fr\/wp-json\/wp\/v2\/product\/44611","targetHints":{"allow":["GET"]}}],"collection":[{"href":"https:\/\/triangle.cat\/fr\/wp-json\/wp\/v2\/product"}],"about":[{"href":"https:\/\/triangle.cat\/fr\/wp-json\/wp\/v2\/types\/product"}],"replies":[{"embeddable":true,"href":"https:\/\/triangle.cat\/fr\/wp-json\/wp\/v2\/comments?post=44611"}],"wp:featuredmedia":[{"embeddable":true,"href":"https:\/\/triangle.cat\/fr\/wp-json\/wp\/v2\/media\/44160"}],"wp:attachment":[{"href":"https:\/\/triangle.cat\/fr\/wp-json\/wp\/v2\/media?parent=44611"}],"wp:term":[{"taxonomy":"product_brand","embeddable":true,"href":"https:\/\/triangle.cat\/fr\/wp-json\/wp\/v2\/product_brand?post=44611"},{"taxonomy":"product_cat","embeddable":true,"href":"https:\/\/triangle.cat\/fr\/wp-json\/wp\/v2\/product_cat?post=44611"},{"taxonomy":"product_tag","embeddable":true,"href":"https:\/\/triangle.cat\/fr\/wp-json\/wp\/v2\/product_tag?post=44611"}],"curies":[{"name":"wp","href":"https:\/\/api.w.org\/{rel}","templated":true}]}}