
{"id":44609,"date":"2022-03-06T00:00:00","date_gmt":"2022-03-05T22:00:00","guid":{"rendered":"https:\/\/triangle.cat\/producto\/calendrier-2026-costa-brava\/"},"modified":"2025-04-15T17:11:01","modified_gmt":"2025-04-15T15:11:01","slug":"calendrier-2026-costa-brava","status":"publish","type":"product","link":"https:\/\/triangle.cat\/fr\/producto\/calendrier-2026-costa-brava\/","title":{"rendered":"Calendrier 2026 Costa Brava"},"content":{"rendered":"","protected":false},"excerpt":{"rendered":"<p>Des plages paradisiaques, des paysages de carte postale, des sites pr\u00e9historiques et des f\u00eates o\u00f9 dansent les plus beaux chevaux du monde. Voil\u00e0 ce qu&rsquo;est Minorque, et bien d&rsquo;autres choses encore, une \u00eele o\u00f9 vous aurez toujours envie de revenir ! Souvenez-vous de vos vacances ou r\u00eavez des prochaines en regardant les 12 images que nous avons s\u00e9lectionn\u00e9es pour vous dans cet \u00e9vocateur calendrier. <\/br><\/br>EAN:8424455260079 &#8211; 26CBRG<\/p>\n","protected":false},"featured_media":44117,"comment_status":"closed","ping_status":"closed","template":"","meta":{"_acf_changed":false,"_monsterinsights_skip_tracking":false,"_monsterinsights_sitenote_active":false,"_monsterinsights_sitenote_note":"","_monsterinsights_sitenote_category":0},"product_brand":[],"product_cat":[1866],"product_tag":[],"class_list":{"0":"post-44609","1":"product","2":"type-product","3":"status-publish","4":"has-post-thumbnail","6":"product_cat-mur-grand-format","8":"first","9":"outofstock","10":"purchasable","11":"product-type-simple"},"acf":[],"_links":{"self":[{"href":"https:\/\/triangle.cat\/fr\/wp-json\/wp\/v2\/product\/44609","targetHints":{"allow":["GET"]}}],"collection":[{"href":"https:\/\/triangle.cat\/fr\/wp-json\/wp\/v2\/product"}],"about":[{"href":"https:\/\/triangle.cat\/fr\/wp-json\/wp\/v2\/types\/product"}],"replies":[{"embeddable":true,"href":"https:\/\/triangle.cat\/fr\/wp-json\/wp\/v2\/comments?post=44609"}],"wp:featuredmedia":[{"embeddable":true,"href":"https:\/\/triangle.cat\/fr\/wp-json\/wp\/v2\/media\/44117"}],"wp:attachment":[{"href":"https:\/\/triangle.cat\/fr\/wp-json\/wp\/v2\/media?parent=44609"}],"wp:term":[{"taxonomy":"product_brand","embeddable":true,"href":"https:\/\/triangle.cat\/fr\/wp-json\/wp\/v2\/product_brand?post=44609"},{"taxonomy":"product_cat","embeddable":true,"href":"https:\/\/triangle.cat\/fr\/wp-json\/wp\/v2\/product_cat?post=44609"},{"taxonomy":"product_tag","embeddable":true,"href":"https:\/\/triangle.cat\/fr\/wp-json\/wp\/v2\/product_tag?post=44609"}],"curies":[{"name":"wp","href":"https:\/\/api.w.org\/{rel}","templated":true}]}}