
{"id":43874,"date":"2025-04-01T13:02:12","date_gmt":"2025-04-01T11:02:12","guid":{"rendered":"https:\/\/triangle.cat\/producto\/son-cosas\/"},"modified":"2025-04-01T13:15:50","modified_gmt":"2025-04-01T11:15:50","slug":"son-cosas","status":"publish","type":"product","link":"https:\/\/triangle.cat\/fr\/producto\/son-cosas\/","title":{"rendered":"Son cosas"},"content":{"rendered":"","protected":false},"excerpt":{"rendered":"<p>Guillermo Moliner est un photographe retrait\u00e9 qui a principalement travaill\u00e9 dans la presse quotidienne, surtout \u00e0 \u00abEl Peri\u00f3dico\u00bb. Il publie maintenant le livre \u00abSon Cosas\u00bb, une s\u00e9lection d\u2019images prises entre 1990 et 2008. Des images sans description, car elles n\u2019en ont pas besoin. Entre le contraste, l\u2019ironie et la d\u00e9nonciation, elles refl\u00e8tent la vie quotidienne et, du regard actuel, les changements qui ont eu lieu, ou que nous pr\u00e9tendons qu\u2019il y a eu, dans notre soci\u00e9t\u00e9 [Ara, 26.03.2025].<\/p>\n<p>\u00c9dit\u00e9 par Triangle Books, ce livre est une \u0153uvre incontournable pour les amateurs de photographie documentaire. Moliner, avec son regard \u00e9thique et engag\u00e9, nous offre une s\u00e9rie d\u2019images de Barcelone qui vont au-del\u00e0 du visuel, racontant des histoires silencieuses mais puissantes.<\/p>\n","protected":false},"featured_media":43822,"comment_status":"closed","ping_status":"closed","template":"","meta":{"_acf_changed":false,"_monsterinsights_skip_tracking":false,"_monsterinsights_sitenote_active":false,"_monsterinsights_sitenote_note":"","_monsterinsights_sitenote_category":0},"product_brand":[],"product_cat":[1555],"product_tag":[],"class_list":{"0":"post-43874","1":"product","2":"type-product","3":"status-publish","4":"has-post-thumbnail","6":"product_cat-photographie-design","7":"pa_idioma-multiidioma-fr","9":"first","10":"instock","11":"taxable","12":"shipping-taxable","13":"purchasable","14":"product-type-variable"},"acf":[],"_links":{"self":[{"href":"https:\/\/triangle.cat\/fr\/wp-json\/wp\/v2\/product\/43874","targetHints":{"allow":["GET"]}}],"collection":[{"href":"https:\/\/triangle.cat\/fr\/wp-json\/wp\/v2\/product"}],"about":[{"href":"https:\/\/triangle.cat\/fr\/wp-json\/wp\/v2\/types\/product"}],"replies":[{"embeddable":true,"href":"https:\/\/triangle.cat\/fr\/wp-json\/wp\/v2\/comments?post=43874"}],"wp:featuredmedia":[{"embeddable":true,"href":"https:\/\/triangle.cat\/fr\/wp-json\/wp\/v2\/media\/43822"}],"wp:attachment":[{"href":"https:\/\/triangle.cat\/fr\/wp-json\/wp\/v2\/media?parent=43874"}],"wp:term":[{"taxonomy":"product_brand","embeddable":true,"href":"https:\/\/triangle.cat\/fr\/wp-json\/wp\/v2\/product_brand?post=43874"},{"taxonomy":"product_cat","embeddable":true,"href":"https:\/\/triangle.cat\/fr\/wp-json\/wp\/v2\/product_cat?post=43874"},{"taxonomy":"product_tag","embeddable":true,"href":"https:\/\/triangle.cat\/fr\/wp-json\/wp\/v2\/product_tag?post=43874"}],"curies":[{"name":"wp","href":"https:\/\/api.w.org\/{rel}","templated":true}]}}