
{"id":43808,"date":"2025-04-01T12:12:47","date_gmt":"2025-04-01T10:12:47","guid":{"rendered":"https:\/\/triangle.cat\/producto\/menorca-des-de-larquitectura\/"},"modified":"2025-04-01T12:49:29","modified_gmt":"2025-04-01T10:49:29","slug":"menorca-des-de-larquitectura","status":"publish","type":"product","link":"https:\/\/triangle.cat\/fr\/producto\/menorca-des-de-larquitectura\/","title":{"rendered":"Menorca des de l\u2019arquitectura"},"content":{"rendered":"","protected":false},"excerpt":{"rendered":"<p>La succession de photographies de Toni Vidal permet de red\u00e9couvrir un tr\u00e9sor patrimonial qui d\u00e9passe la valeur d\u2019une image. Il \u00e9voque un mode de vie et d\u2019implantation sur le territoire fruit de l\u2019effort de g\u00e9n\u00e9rations.<\/p>\n<p>Toni Vidal est le photographe qui a le mieux r\u00e9ussi \u00e0 capturer l\u2019humanisation du paysage de Minorque \u00e0 travers l\u2019architecture, qu\u2019elle<br \/>\nsoit rurale, nobiliaire ou urbaine.<\/p>\n<p>Selon Miquel Desclot, \u201c Toni Vidal regarde un brin ou une pierre en sachant qu\u2019il regarde la terre ou m\u00eame l\u2019univers.\u201d<\/p>\n","protected":false},"featured_media":43752,"comment_status":"closed","ping_status":"closed","template":"","meta":{"_acf_changed":false,"_monsterinsights_skip_tracking":false,"_monsterinsights_sitenote_active":false,"_monsterinsights_sitenote_note":"","_monsterinsights_sitenote_category":0},"product_brand":[],"product_cat":[1531,1572,1555],"product_tag":[],"class_list":{"0":"post-43808","1":"product","2":"type-product","3":"status-publish","4":"has-post-thumbnail","6":"product_cat-livres","7":"product_cat-minorque","8":"product_cat-photographie-design","9":"pa_idioma-multilingue-catala-espanol-english-francais-fr","11":"first","12":"instock","13":"taxable","14":"shipping-taxable","15":"purchasable","16":"product-type-variable"},"acf":[],"_links":{"self":[{"href":"https:\/\/triangle.cat\/fr\/wp-json\/wp\/v2\/product\/43808","targetHints":{"allow":["GET"]}}],"collection":[{"href":"https:\/\/triangle.cat\/fr\/wp-json\/wp\/v2\/product"}],"about":[{"href":"https:\/\/triangle.cat\/fr\/wp-json\/wp\/v2\/types\/product"}],"replies":[{"embeddable":true,"href":"https:\/\/triangle.cat\/fr\/wp-json\/wp\/v2\/comments?post=43808"}],"wp:featuredmedia":[{"embeddable":true,"href":"https:\/\/triangle.cat\/fr\/wp-json\/wp\/v2\/media\/43752"}],"wp:attachment":[{"href":"https:\/\/triangle.cat\/fr\/wp-json\/wp\/v2\/media?parent=43808"}],"wp:term":[{"taxonomy":"product_brand","embeddable":true,"href":"https:\/\/triangle.cat\/fr\/wp-json\/wp\/v2\/product_brand?post=43808"},{"taxonomy":"product_cat","embeddable":true,"href":"https:\/\/triangle.cat\/fr\/wp-json\/wp\/v2\/product_cat?post=43808"},{"taxonomy":"product_tag","embeddable":true,"href":"https:\/\/triangle.cat\/fr\/wp-json\/wp\/v2\/product_tag?post=43808"}],"curies":[{"name":"wp","href":"https:\/\/api.w.org\/{rel}","templated":true}]}}