
{"id":43729,"date":"2025-04-01T11:40:31","date_gmt":"2025-04-01T09:40:31","guid":{"rendered":"https:\/\/triangle.cat\/producto\/gaudi-9-2\/"},"modified":"2025-04-01T11:51:06","modified_gmt":"2025-04-01T09:51:06","slug":"gaudi-9-2","status":"publish","type":"product","link":"https:\/\/triangle.cat\/fr\/producto\/gaudi-9-2\/","title":{"rendered":"Gaud\u00ed"},"content":{"rendered":"","protected":false},"excerpt":{"rendered":"<p>Gaud\u00ed pour les petits voyageurs emm\u00e8ne les enfants dans un voyage \u00e0 travers l\u2019\u0153uvre du brillant architecte Antoni Gaud\u00ed.<\/p>\n<p>Rejoignez-nous pour cette merveilleuse aventure et d\u00e9couvrez tous les secrets cach\u00e9s dans ses \u0153uvres ! Avec un dictionnaire illustr\u00e9 catalan &#8211; espagnol &#8211; anglais et les traductions des textes, les petits lecteurs pourront apprendre les langues de cette belle ville.<\/p>\n","protected":false},"featured_media":43684,"comment_status":"closed","ping_status":"closed","template":"","meta":{"_acf_changed":false,"_monsterinsights_skip_tracking":false,"_monsterinsights_sitenote_active":false,"_monsterinsights_sitenote_note":"","_monsterinsights_sitenote_category":0},"product_brand":[],"product_cat":[1563],"product_tag":[],"class_list":{"0":"post-43729","1":"product","2":"type-product","3":"status-publish","4":"has-post-thumbnail","6":"product_cat-pour-enfants","7":"pa_idioma-multilingue-catala-espanol-english-fr","9":"first","10":"instock","11":"taxable","12":"shipping-taxable","13":"purchasable","14":"product-type-variable"},"acf":[],"_links":{"self":[{"href":"https:\/\/triangle.cat\/fr\/wp-json\/wp\/v2\/product\/43729","targetHints":{"allow":["GET"]}}],"collection":[{"href":"https:\/\/triangle.cat\/fr\/wp-json\/wp\/v2\/product"}],"about":[{"href":"https:\/\/triangle.cat\/fr\/wp-json\/wp\/v2\/types\/product"}],"replies":[{"embeddable":true,"href":"https:\/\/triangle.cat\/fr\/wp-json\/wp\/v2\/comments?post=43729"}],"wp:featuredmedia":[{"embeddable":true,"href":"https:\/\/triangle.cat\/fr\/wp-json\/wp\/v2\/media\/43684"}],"wp:attachment":[{"href":"https:\/\/triangle.cat\/fr\/wp-json\/wp\/v2\/media?parent=43729"}],"wp:term":[{"taxonomy":"product_brand","embeddable":true,"href":"https:\/\/triangle.cat\/fr\/wp-json\/wp\/v2\/product_brand?post=43729"},{"taxonomy":"product_cat","embeddable":true,"href":"https:\/\/triangle.cat\/fr\/wp-json\/wp\/v2\/product_cat?post=43729"},{"taxonomy":"product_tag","embeddable":true,"href":"https:\/\/triangle.cat\/fr\/wp-json\/wp\/v2\/product_tag?post=43729"}],"curies":[{"name":"wp","href":"https:\/\/api.w.org\/{rel}","templated":true}]}}