
{"id":43653,"date":"2025-04-01T10:07:36","date_gmt":"2025-04-01T08:07:36","guid":{"rendered":"https:\/\/triangle.cat\/producto\/dali-postales\/"},"modified":"2025-04-01T13:29:29","modified_gmt":"2025-04-01T11:29:29","slug":"dali-postales","status":"publish","type":"product","link":"https:\/\/triangle.cat\/fr\/producto\/dali-postales\/","title":{"rendered":"Dal\u00ed"},"content":{"rendered":"","protected":false},"excerpt":{"rendered":"<p>D\u00e9couvrez le fascinant monde surr\u00e9aliste de Dal\u00ed !<\/p>\n<p>Ce pack de cartes postales \u00e0 colorier vous invite \u00e0 plonger<br \/>\ndans l\u2019univers de Salvador Dal\u00ed, avec des illustrations amusantes des lieux les plus embl\u00e9matiques o\u00f9 il a v\u00e9cu et travaill\u00e9 : le vibrant Portlligat, le myst\u00e9rieux ch\u00e2teau de Gala \u00e0 P\u00fabol et l\u2019impressionnant Th\u00e9\u00e2tre-Mus\u00e9e Dal\u00ed \u00e0 Figueres.<\/p>\n<p>Offrez aux petits l\u2019occasion d\u2019apprendre et de s\u2019amuser avec l\u2019art de Dal\u00ed, en cr\u00e9ant des souvenirs remplis de vie et de cr\u00e9ativit\u00e9 qu\u2019ils n\u2019oublieront jamais.<\/p>\n<p>EAN: 8424455025845<\/p>\n","protected":false},"featured_media":43632,"comment_status":"closed","ping_status":"closed","template":"","meta":{"_acf_changed":false,"_monsterinsights_skip_tracking":false,"_monsterinsights_sitenote_active":false,"_monsterinsights_sitenote_note":"","_monsterinsights_sitenote_category":0},"product_brand":[],"product_cat":[1563],"product_tag":[],"class_list":{"0":"post-43653","1":"product","2":"type-product","3":"status-publish","4":"has-post-thumbnail","6":"product_cat-pour-enfants","8":"first","9":"instock","10":"taxable","11":"shipping-taxable","12":"purchasable","13":"product-type-simple"},"acf":[],"_links":{"self":[{"href":"https:\/\/triangle.cat\/fr\/wp-json\/wp\/v2\/product\/43653","targetHints":{"allow":["GET"]}}],"collection":[{"href":"https:\/\/triangle.cat\/fr\/wp-json\/wp\/v2\/product"}],"about":[{"href":"https:\/\/triangle.cat\/fr\/wp-json\/wp\/v2\/types\/product"}],"replies":[{"embeddable":true,"href":"https:\/\/triangle.cat\/fr\/wp-json\/wp\/v2\/comments?post=43653"}],"wp:featuredmedia":[{"embeddable":true,"href":"https:\/\/triangle.cat\/fr\/wp-json\/wp\/v2\/media\/43632"}],"wp:attachment":[{"href":"https:\/\/triangle.cat\/fr\/wp-json\/wp\/v2\/media?parent=43653"}],"wp:term":[{"taxonomy":"product_brand","embeddable":true,"href":"https:\/\/triangle.cat\/fr\/wp-json\/wp\/v2\/product_brand?post=43653"},{"taxonomy":"product_cat","embeddable":true,"href":"https:\/\/triangle.cat\/fr\/wp-json\/wp\/v2\/product_cat?post=43653"},{"taxonomy":"product_tag","embeddable":true,"href":"https:\/\/triangle.cat\/fr\/wp-json\/wp\/v2\/product_tag?post=43653"}],"curies":[{"name":"wp","href":"https:\/\/api.w.org\/{rel}","templated":true}]}}