
{"id":43081,"date":"2025-01-13T16:41:10","date_gmt":"2025-01-13T14:41:10","guid":{"rendered":"https:\/\/triangle.cat\/producto\/ibiza-formentera-3\/"},"modified":"2025-10-24T09:44:51","modified_gmt":"2025-10-24T07:44:51","slug":"ibiza-formentera-3","status":"publish","type":"product","link":"https:\/\/triangle.cat\/fr\/producto\/ibiza-formentera-3\/","title":{"rendered":"Ibiza &#038; Formentera"},"content":{"rendered":"","protected":false},"excerpt":{"rendered":"<p>Ce livre raconte une rencontre fortuite qui est devenue une amiti\u00e9, ainsi que de nombreuses exp\u00e9riences photographiques par-tag\u00e9es. Il parle d\u2019un photographe des \u00eeles que j\u2019ai pris comme r\u00e9-f\u00e9rence pour son travail et pour l\u2019enthousiasme qu\u2019il transmettait.<\/p>\n<p><a href=\"https:\/\/triangle.cat\/wp-content\/uploads\/2025\/01\/conselleria_ieb-nou__1_-removebg-preview-600x96.png\"><img loading=\"lazy\" decoding=\"async\" class=\"alignnone wp-image-43381\" src=\"https:\/\/triangle.cat\/wp-content\/uploads\/2025\/01\/conselleria_ieb-nou__1_-removebg-preview-600x96.png\" alt=\"\" width=\"388\" height=\"62\" srcset=\"https:\/\/triangle.cat\/wp-content\/uploads\/2025\/01\/conselleria_ieb-nou__1_-removebg-preview-600x96.png 600w, https:\/\/triangle.cat\/wp-content\/uploads\/2025\/01\/conselleria_ieb-nou__1_-removebg-preview-1030x165.png 1030w, https:\/\/triangle.cat\/wp-content\/uploads\/2025\/01\/conselleria_ieb-nou__1_-removebg-preview-768x123.png 768w, https:\/\/triangle.cat\/wp-content\/uploads\/2025\/01\/conselleria_ieb-nou__1_-removebg-preview-705x113.png 705w, https:\/\/triangle.cat\/wp-content\/uploads\/2025\/01\/conselleria_ieb-nou__1_-removebg-preview-450x72.png 450w, https:\/\/triangle.cat\/wp-content\/uploads\/2025\/01\/conselleria_ieb-nou__1_-removebg-preview.png 1246w\" sizes=\"auto, (max-width: 388px) 100vw, 388px\" \/><\/a><\/p>\n","protected":false},"featured_media":42924,"comment_status":"closed","ping_status":"closed","template":"","meta":{"_acf_changed":false,"_monsterinsights_skip_tracking":false,"_monsterinsights_sitenote_active":false,"_monsterinsights_sitenote_note":"","_monsterinsights_sitenote_category":0},"product_brand":[],"product_cat":[1536,1551,1569,1555],"product_tag":[],"class_list":{"0":"post-43081","1":"product","2":"type-product","3":"status-publish","4":"has-post-thumbnail","6":"product_cat-art-architecture-fr","7":"product_cat-ibiza-formentera-fr","8":"product_cat-majorque","9":"product_cat-photographie-design","10":"pa_idioma-catalan-fr","12":"first","13":"instock","14":"taxable","15":"shipping-taxable","16":"purchasable","17":"product-type-variable"},"acf":[],"_links":{"self":[{"href":"https:\/\/triangle.cat\/fr\/wp-json\/wp\/v2\/product\/43081","targetHints":{"allow":["GET"]}}],"collection":[{"href":"https:\/\/triangle.cat\/fr\/wp-json\/wp\/v2\/product"}],"about":[{"href":"https:\/\/triangle.cat\/fr\/wp-json\/wp\/v2\/types\/product"}],"replies":[{"embeddable":true,"href":"https:\/\/triangle.cat\/fr\/wp-json\/wp\/v2\/comments?post=43081"}],"wp:featuredmedia":[{"embeddable":true,"href":"https:\/\/triangle.cat\/fr\/wp-json\/wp\/v2\/media\/42924"}],"wp:attachment":[{"href":"https:\/\/triangle.cat\/fr\/wp-json\/wp\/v2\/media?parent=43081"}],"wp:term":[{"taxonomy":"product_brand","embeddable":true,"href":"https:\/\/triangle.cat\/fr\/wp-json\/wp\/v2\/product_brand?post=43081"},{"taxonomy":"product_cat","embeddable":true,"href":"https:\/\/triangle.cat\/fr\/wp-json\/wp\/v2\/product_cat?post=43081"},{"taxonomy":"product_tag","embeddable":true,"href":"https:\/\/triangle.cat\/fr\/wp-json\/wp\/v2\/product_tag?post=43081"}],"curies":[{"name":"wp","href":"https:\/\/api.w.org\/{rel}","templated":true}]}}