
{"id":42699,"date":"2024-12-03T16:08:14","date_gmt":"2024-12-03T14:08:14","guid":{"rendered":"https:\/\/triangle.cat\/producto\/port-mao\/"},"modified":"2025-02-10T15:48:31","modified_gmt":"2025-02-10T13:48:31","slug":"port-mao","status":"publish","type":"product","link":"https:\/\/triangle.cat\/fr\/producto\/port-mao\/","title":{"rendered":"Port Ma\u00f3"},"content":{"rendered":"","protected":false},"excerpt":{"rendered":"<p>Port Ma\u00f3 n\u2019est pas v\u00e9ritablement un essai, ni un livre d\u2019histoire, ni un guide classique, mais plut\u00f4t une sorte de promenade que, \u00e0 travers une prose narrative riche, Josep M. Quintana nous invite \u00e0 faire le long de ce port, sur les rives duquel il vit depuis plus de quarante ans.<\/p>\n<p>L\u2019auteur souhaite montrer au lecteur ce splendide lieu g\u00e9ographique \u00e0 travers ses yeux et ceux des \u00e9crivains et chercheurs qui l\u2019ont d\u00e9crit, qui en ont fait de la litt\u00e9rature ou en ont parl\u00e9 au cours de l\u2019histoire.<\/p>\n<p>La lecture du livre invite le lecteur \u00e0 s\u2019y promener, \u00e0 pied, en bateau ou simplement avec l\u2019imagination, afin de l\u2019aider \u00e0 d\u00e9couvrir les nombreux aspects que pr\u00e9sente ce port, l\u2019un des plus remarquables de la M\u00e9diterran\u00e9e : l\u2019aspect g\u00e9ologique, l\u2019historiographique, le politique, le commercial et \u00e9conomique, le litt\u00e9raire, l\u2019artistique, le touristique et celui des loisirs, de mani\u00e8re \u00e0 lui donner une id\u00e9e globale de ce qu\u2019il a \u00e9t\u00e9 et de ce qu\u2019il est aujourd\u2019hui. Nous pr\u00e9sentons donc une \u0153uvre originale qui ne ressemble \u00e0 aucune des publications existantes jusqu\u2019\u00e0 ce jour et qui, compl\u00e9t\u00e9e par une abondante documentation graphique du pass\u00e9 et du pr\u00e9sent, nous croyons qu\u2019elle peut int\u00e9resser un large public et devenir, \u00e0 l\u2019avenir, une \u0153uvre de r\u00e9f\u00e9rence.<\/p>\n<p><a href=\"https:\/\/triangle.cat\/wp-content\/uploads\/2025\/01\/conselleria_ieb-nou__1_-removebg-preview.png\"><img loading=\"lazy\" decoding=\"async\" class=\"alignnone  wp-image-43381\" src=\"https:\/\/triangle.cat\/wp-content\/uploads\/2025\/01\/conselleria_ieb-nou__1_-removebg-preview-600x96.png\" alt=\"\" width=\"388\" height=\"62\" srcset=\"https:\/\/triangle.cat\/wp-content\/uploads\/2025\/01\/conselleria_ieb-nou__1_-removebg-preview-600x96.png 600w, https:\/\/triangle.cat\/wp-content\/uploads\/2025\/01\/conselleria_ieb-nou__1_-removebg-preview-1030x165.png 1030w, https:\/\/triangle.cat\/wp-content\/uploads\/2025\/01\/conselleria_ieb-nou__1_-removebg-preview-768x123.png 768w, https:\/\/triangle.cat\/wp-content\/uploads\/2025\/01\/conselleria_ieb-nou__1_-removebg-preview-705x113.png 705w, https:\/\/triangle.cat\/wp-content\/uploads\/2025\/01\/conselleria_ieb-nou__1_-removebg-preview-450x72.png 450w, https:\/\/triangle.cat\/wp-content\/uploads\/2025\/01\/conselleria_ieb-nou__1_-removebg-preview.png 1246w\" sizes=\"auto, (max-width: 388px) 100vw, 388px\" \/><\/a><\/p>\n","protected":false},"featured_media":42650,"comment_status":"closed","ping_status":"closed","template":"","meta":{"_acf_changed":false,"_monsterinsights_skip_tracking":false,"_monsterinsights_sitenote_active":false,"_monsterinsights_sitenote_note":"","_monsterinsights_sitenote_category":0},"product_brand":[],"product_cat":[1491,1528,1531,1572,1459],"product_tag":[],"class_list":{"0":"post-42699","1":"product","2":"type-product","3":"status-publish","4":"has-post-thumbnail","6":"product_cat-guides","7":"product_cat-iles-baleares","8":"product_cat-livres","9":"product_cat-minorque","10":"product_cat-de-categoriser","11":"pa_idioma-catalan-fr","13":"first","14":"instock","15":"taxable","16":"shipping-taxable","17":"purchasable","18":"product-type-variable"},"acf":[],"_links":{"self":[{"href":"https:\/\/triangle.cat\/fr\/wp-json\/wp\/v2\/product\/42699","targetHints":{"allow":["GET"]}}],"collection":[{"href":"https:\/\/triangle.cat\/fr\/wp-json\/wp\/v2\/product"}],"about":[{"href":"https:\/\/triangle.cat\/fr\/wp-json\/wp\/v2\/types\/product"}],"replies":[{"embeddable":true,"href":"https:\/\/triangle.cat\/fr\/wp-json\/wp\/v2\/comments?post=42699"}],"wp:featuredmedia":[{"embeddable":true,"href":"https:\/\/triangle.cat\/fr\/wp-json\/wp\/v2\/media\/42650"}],"wp:attachment":[{"href":"https:\/\/triangle.cat\/fr\/wp-json\/wp\/v2\/media?parent=42699"}],"wp:term":[{"taxonomy":"product_brand","embeddable":true,"href":"https:\/\/triangle.cat\/fr\/wp-json\/wp\/v2\/product_brand?post=42699"},{"taxonomy":"product_cat","embeddable":true,"href":"https:\/\/triangle.cat\/fr\/wp-json\/wp\/v2\/product_cat?post=42699"},{"taxonomy":"product_tag","embeddable":true,"href":"https:\/\/triangle.cat\/fr\/wp-json\/wp\/v2\/product_tag?post=42699"}],"curies":[{"name":"wp","href":"https:\/\/api.w.org\/{rel}","templated":true}]}}