
{"id":42617,"date":"2024-12-03T13:59:35","date_gmt":"2024-12-03T11:59:35","guid":{"rendered":"https:\/\/triangle.cat\/producto\/seculina\/"},"modified":"2025-02-10T15:45:56","modified_gmt":"2025-02-10T13:45:56","slug":"seculina","status":"publish","type":"product","link":"https:\/\/triangle.cat\/fr\/producto\/seculina\/","title":{"rendered":"Seculina"},"content":{"rendered":"","protected":false},"excerpt":{"rendered":"<p>Seculina est n\u00e9e sorci\u00e8re, comme ses parents, ses grands-parents et ses arri\u00e8re-grands-parents. Mais faire des enchantements ou voler sur un balai ne la motive pas. Ce qu&rsquo;elle veut, c&rsquo;est devenir rockeuse. Pour elle, faire de la magie signifie jouer des notes qui touchent les \u00e9motions.<\/p>\n<p>Un beau jour de printemps, une\u00a0\u00e9trange gel\u00e9e couvre tout de neige. Le froid menace le bien-\u00eatre des cr\u00e9atures de la for\u00eat. Alors, Seculina entreprend une aventure qui changera sa vie. Accompagn\u00e9e des Minairons, des \u00eatres magiques, et avec le soutien de la Molsosa et de la Simanya, deux cr\u00e9atures de la mythologie catalane, elle d\u00e9couvre la cause de ce chaos: le chien Nonell, un \u00eatre avec un pass\u00e9 douloureux, a besoin de l\u2019aide de quelqu&rsquo;un de sp\u00e9cial.<\/p>\n<p>Ce conte parle de l&rsquo;auto-acceptation, de la tol\u00e9rance et de l&rsquo;importance de l&rsquo;art dans le travail des \u00e9motions \u00e0 travers l&rsquo;histoire de la protagoniste, qui trouve un moyen de briser le sortil\u00e8ge et d&rsquo;enseigner une le\u00e7on au monde : il n&rsquo;est pas toujours n\u00e9cessaire de faire de la magie avec une baguette.<\/p>\n<p>+ Un livre pour renforcer la confiance en soi et la valeur de la diff\u00e9rence<\/p>\n<p>+ Pour faire d\u00e9couvrir aux petits et grands certains personnages oubli\u00e9s de la mythologie catalane<\/p>\n<p>+ Un hommage \u00e0 l&rsquo;esprit du rock et \u00e0 sa p\u00e9riode la plus vibrante<\/p>\n<p>+ Un point de rencontre entre la litt\u00e9rature, la tradition et la modernit\u00e9<\/p>\n<p>+ Sur l&rsquo;importance de la musique et de la culture dans la gestion des \u00e9motions<\/p>\n<p><a href=\"https:\/\/triangle.cat\/wp-content\/uploads\/2025\/01\/conselleria_ieb-nou__1_-removebg-preview.png\"><img loading=\"lazy\" decoding=\"async\" class=\"alignnone  wp-image-43381\" src=\"https:\/\/triangle.cat\/wp-content\/uploads\/2025\/01\/conselleria_ieb-nou__1_-removebg-preview-600x96.png\" alt=\"\" width=\"388\" height=\"62\" srcset=\"https:\/\/triangle.cat\/wp-content\/uploads\/2025\/01\/conselleria_ieb-nou__1_-removebg-preview-600x96.png 600w, https:\/\/triangle.cat\/wp-content\/uploads\/2025\/01\/conselleria_ieb-nou__1_-removebg-preview-1030x165.png 1030w, https:\/\/triangle.cat\/wp-content\/uploads\/2025\/01\/conselleria_ieb-nou__1_-removebg-preview-768x123.png 768w, https:\/\/triangle.cat\/wp-content\/uploads\/2025\/01\/conselleria_ieb-nou__1_-removebg-preview-705x113.png 705w, https:\/\/triangle.cat\/wp-content\/uploads\/2025\/01\/conselleria_ieb-nou__1_-removebg-preview-450x72.png 450w, https:\/\/triangle.cat\/wp-content\/uploads\/2025\/01\/conselleria_ieb-nou__1_-removebg-preview.png 1246w\" sizes=\"auto, (max-width: 388px) 100vw, 388px\" \/><\/a><\/p>\n","protected":false},"featured_media":42586,"comment_status":"closed","ping_status":"closed","template":"","meta":{"_acf_changed":false,"_monsterinsights_skip_tracking":false,"_monsterinsights_sitenote_active":false,"_monsterinsights_sitenote_note":"","_monsterinsights_sitenote_category":0},"product_brand":[],"product_cat":[1566,1653,1563],"product_tag":[],"class_list":{"0":"post-42617","1":"product","2":"type-product","3":"status-publish","4":"has-post-thumbnail","6":"product_cat-livres-illustres","7":"product_cat-nouvelles","8":"product_cat-pour-enfants","9":"pa_idioma-catalan-2-fr","11":"first","12":"instock","13":"taxable","14":"shipping-taxable","15":"purchasable","16":"product-type-variable"},"acf":[],"_links":{"self":[{"href":"https:\/\/triangle.cat\/fr\/wp-json\/wp\/v2\/product\/42617","targetHints":{"allow":["GET"]}}],"collection":[{"href":"https:\/\/triangle.cat\/fr\/wp-json\/wp\/v2\/product"}],"about":[{"href":"https:\/\/triangle.cat\/fr\/wp-json\/wp\/v2\/types\/product"}],"replies":[{"embeddable":true,"href":"https:\/\/triangle.cat\/fr\/wp-json\/wp\/v2\/comments?post=42617"}],"wp:featuredmedia":[{"embeddable":true,"href":"https:\/\/triangle.cat\/fr\/wp-json\/wp\/v2\/media\/42586"}],"wp:attachment":[{"href":"https:\/\/triangle.cat\/fr\/wp-json\/wp\/v2\/media?parent=42617"}],"wp:term":[{"taxonomy":"product_brand","embeddable":true,"href":"https:\/\/triangle.cat\/fr\/wp-json\/wp\/v2\/product_brand?post=42617"},{"taxonomy":"product_cat","embeddable":true,"href":"https:\/\/triangle.cat\/fr\/wp-json\/wp\/v2\/product_cat?post=42617"},{"taxonomy":"product_tag","embeddable":true,"href":"https:\/\/triangle.cat\/fr\/wp-json\/wp\/v2\/product_tag?post=42617"}],"curies":[{"name":"wp","href":"https:\/\/api.w.org\/{rel}","templated":true}]}}