
{"id":42557,"date":"2024-12-03T12:59:19","date_gmt":"2024-12-03T10:59:19","guid":{"rendered":"https:\/\/triangle.cat\/producto\/barcelona-18-2\/"},"modified":"2024-12-03T13:14:09","modified_gmt":"2024-12-03T11:14:09","slug":"barcelona-18-2","status":"publish","type":"product","link":"https:\/\/triangle.cat\/fr\/producto\/barcelona-18-2\/","title":{"rendered":"Barcelone"},"content":{"rendered":"","protected":false},"excerpt":{"rendered":"<p>Culinary Backstreets traite de la sc\u00e8ne gastronomique la plus au-thentique et propose des itin\u00e9raires culinaires guid\u00e9s dans diff\u00e9rentes gastro-capitales du monde.<\/p>\n<p>M\u00eame si notre estomac devrait \u00eatre notre meilleure boussole, il n\u2019est pas si facile que \u00e7a de trouver son chemin sans un bon conseiller local. C\u2019est l\u00e0 qu\u2019intervient Culinary Backstreets.<\/p>\n<p>Nos itin\u00e9raires gastronomiques par petits groupes sont un festin instructif passant par des rues secr\u00e8tes et des march\u00e9s authentiques, \u00e0 la visite de plusieurs joyaux culinaires et, entre bouch\u00e9e et bouch\u00e9e, de monuments et de sites historiques moins touristiques. Laissez-nous vous montrer le chemin.<\/p>\n","protected":false},"featured_media":42488,"comment_status":"closed","ping_status":"closed","template":"","meta":{"_acf_changed":false,"_monsterinsights_skip_tracking":false,"_monsterinsights_sitenote_active":false,"_monsterinsights_sitenote_note":"","_monsterinsights_sitenote_category":0},"product_brand":[],"product_cat":[1500,1491],"product_tag":[],"class_list":{"0":"post-42557","1":"product","2":"type-product","3":"status-publish","4":"has-post-thumbnail","6":"product_cat-barcelone","7":"product_cat-guides","8":"pa_idioma-allemand","9":"pa_idioma-anglais","10":"pa_idioma-espanol-fr-2","11":"pa_idioma-francais-fr-2","13":"first","14":"instock","15":"taxable","16":"shipping-taxable","17":"purchasable","18":"product-type-variable"},"acf":[],"_links":{"self":[{"href":"https:\/\/triangle.cat\/fr\/wp-json\/wp\/v2\/product\/42557","targetHints":{"allow":["GET"]}}],"collection":[{"href":"https:\/\/triangle.cat\/fr\/wp-json\/wp\/v2\/product"}],"about":[{"href":"https:\/\/triangle.cat\/fr\/wp-json\/wp\/v2\/types\/product"}],"replies":[{"embeddable":true,"href":"https:\/\/triangle.cat\/fr\/wp-json\/wp\/v2\/comments?post=42557"}],"wp:featuredmedia":[{"embeddable":true,"href":"https:\/\/triangle.cat\/fr\/wp-json\/wp\/v2\/media\/42488"}],"wp:attachment":[{"href":"https:\/\/triangle.cat\/fr\/wp-json\/wp\/v2\/media?parent=42557"}],"wp:term":[{"taxonomy":"product_brand","embeddable":true,"href":"https:\/\/triangle.cat\/fr\/wp-json\/wp\/v2\/product_brand?post=42557"},{"taxonomy":"product_cat","embeddable":true,"href":"https:\/\/triangle.cat\/fr\/wp-json\/wp\/v2\/product_cat?post=42557"},{"taxonomy":"product_tag","embeddable":true,"href":"https:\/\/triangle.cat\/fr\/wp-json\/wp\/v2\/product_tag?post=42557"}],"curies":[{"name":"wp","href":"https:\/\/api.w.org\/{rel}","templated":true}]}}