
{"id":42312,"date":"2023-02-14T07:38:42","date_gmt":"2023-02-14T07:38:42","guid":{"rendered":"https:\/\/triangle.cat\/producto\/mallorca-8\/"},"modified":"2024-12-12T14:16:33","modified_gmt":"2024-12-12T12:16:33","slug":"mallorca-8","status":"publish","type":"product","link":"https:\/\/triangle.cat\/fr\/producto\/mallorca-8\/","title":{"rendered":"Mallorca"},"content":{"rendered":"","protected":false},"excerpt":{"rendered":"<p>Hi ha molt a veure i fer a Mallorca! Des de bonics pobles a platges impressionants, amb delicioses menges i viatges amb tren, \u00e9s l&rsquo;illa perfecta per a petits viatgers. Aquest conte de cartr\u00f3 \u00e9s ideal per donar a con\u00e8ixer l&rsquo;illa de Mallorca als viatgers m\u00e9s joves i endur-se un record de la seva experi\u00e8ncia. Amb les seves divertides il\u00b7lustracions podr\u00e0s acompanyar els tres protagonistes per les seves aventurespels llocs i experi\u00e8ncies m\u00e9s recomanats per descobrir en fam\u00edlia. Amb l&rsquo;ajuda dels pares, els petits tamb\u00e9 podran aprendre expressions t\u00edpiques de l&rsquo;illa i curiositats de cadascun dels espais visitats, amb el glossari-guia al final del conte.<\/p>\n<p>Llibre editat amb el suport de:<\/p>\n<p><img loading=\"lazy\" decoding=\"async\" class=\"alignnone wp-image-41544\" src=\"https:\/\/triangle.cat\/wp-content\/uploads\/2024\/07\/LOGO_IEB.jpg\" alt=\"\" width=\"302\" height=\"94\" srcset=\"https:\/\/triangle.cat\/wp-content\/uploads\/2024\/07\/LOGO_IEB.jpg 559w, https:\/\/triangle.cat\/wp-content\/uploads\/2024\/07\/LOGO_IEB-450x140.jpg 450w\" sizes=\"auto, (max-width: 302px) 100vw, 302px\" \/><\/p>\n<p>&nbsp;<\/p>\n","protected":false},"featured_media":28274,"comment_status":"closed","ping_status":"closed","template":"","meta":{"_acf_changed":false,"_monsterinsights_skip_tracking":false,"_monsterinsights_sitenote_active":false,"_monsterinsights_sitenote_note":"","_monsterinsights_sitenote_category":0},"product_brand":[],"product_cat":[1912,1563],"product_tag":[990,1031,1000,1007],"class_list":{"0":"post-42312","1":"product","2":"type-product","3":"status-publish","4":"has-post-thumbnail","6":"product_cat-llibres-infantils-fr","7":"product_cat-pour-enfants","8":"product_tag-allemand-fr","9":"product_tag-anglais-fr","10":"product_tag-espagnol-fr","11":"product_tag-francais-fr-2","12":"pa_idioma-deutsch-fr","13":"pa_idioma-english-fr","14":"pa_idioma-espanol-fr-2","15":"pa_idioma-francais-fr","16":"pa_idioma-espanol-english-francais-deutsch-fr","18":"first","19":"instock","20":"taxable","21":"shipping-taxable","22":"purchasable","23":"product-type-variable","24":"has-default-attributes"},"acf":[],"_links":{"self":[{"href":"https:\/\/triangle.cat\/fr\/wp-json\/wp\/v2\/product\/42312","targetHints":{"allow":["GET"]}}],"collection":[{"href":"https:\/\/triangle.cat\/fr\/wp-json\/wp\/v2\/product"}],"about":[{"href":"https:\/\/triangle.cat\/fr\/wp-json\/wp\/v2\/types\/product"}],"replies":[{"embeddable":true,"href":"https:\/\/triangle.cat\/fr\/wp-json\/wp\/v2\/comments?post=42312"}],"wp:featuredmedia":[{"embeddable":true,"href":"https:\/\/triangle.cat\/fr\/wp-json\/wp\/v2\/media\/28274"}],"wp:attachment":[{"href":"https:\/\/triangle.cat\/fr\/wp-json\/wp\/v2\/media?parent=42312"}],"wp:term":[{"taxonomy":"product_brand","embeddable":true,"href":"https:\/\/triangle.cat\/fr\/wp-json\/wp\/v2\/product_brand?post=42312"},{"taxonomy":"product_cat","embeddable":true,"href":"https:\/\/triangle.cat\/fr\/wp-json\/wp\/v2\/product_cat?post=42312"},{"taxonomy":"product_tag","embeddable":true,"href":"https:\/\/triangle.cat\/fr\/wp-json\/wp\/v2\/product_tag?post=42312"}],"curies":[{"name":"wp","href":"https:\/\/api.w.org\/{rel}","templated":true}]}}