
{"id":42196,"date":"2024-11-14T17:25:23","date_gmt":"2024-11-14T15:25:23","guid":{"rendered":"https:\/\/triangle.cat\/producto\/les-esglesies-romaniques-de-la-vall-de-boi\/"},"modified":"2025-02-26T17:54:42","modified_gmt":"2025-02-26T15:54:42","slug":"les-eglises-romanes-de-la-vall-de-boi","status":"publish","type":"product","link":"https:\/\/triangle.cat\/fr\/producto\/les-eglises-romanes-de-la-vall-de-boi\/","title":{"rendered":"Les \u00e9glises romanes de la Vall de Bo\u00ed"},"content":{"rendered":"","protected":false},"excerpt":{"rendered":"<p>Cet ouvrage est le premier guide de haute vulgarisation jamais publi\u00e9 sur les \u00e9glises romanes de la Vall de Bo\u00ed, ensemble monumental m\u00e9di\u00e9val comptant parmi les plus importants d\u2019Europe, inscrit en 2000 sur la liste du patrimoine mondial de l\u2019Unesco. Il aspire \u00e0 faire de la visite de ces \u00e9glises une exp\u00e9rience culturelle aussi agr\u00e9able qu\u2019enrichissante.<\/p>\n<p>Il est \u00e0 jour des connaissances issues des recherches les plus r\u00e9centes. Le lecteur y trouvera aussi tout ce qui a trait aux peintures et aux sculptures qui se trouvaient dans ces\u00a0\u00e9glises et sont aujourd\u2019hui conserv\u00e9es au Mus\u00e9e national d\u2019Art\u00a0de Catalogne. Il aura ainsi une vision on ne peut plus compl\u00e8te\u00a0de ce\u00a0fabuleux patrimoine artistique.<\/p>\n","protected":false},"featured_media":42217,"comment_status":"closed","ping_status":"closed","template":"","meta":{"_acf_changed":false,"_monsterinsights_skip_tracking":false,"_monsterinsights_sitenote_active":false,"_monsterinsights_sitenote_note":"","_monsterinsights_sitenote_category":0},"product_brand":[],"product_cat":[1504,1505,1491],"product_tag":[],"class_list":{"0":"post-42196","1":"product","2":"type-product","3":"status-publish","4":"has-post-thumbnail","6":"product_cat-catalogne","7":"product_cat-collection-patrimonium","8":"product_cat-guides","9":"pa_idioma-catalan-fr","10":"pa_idioma-english-fr","11":"pa_idioma-espanol-fr-2","12":"pa_idioma-francais-fr","14":"first","15":"instock","16":"taxable","17":"shipping-taxable","18":"purchasable","19":"product-type-variable"},"acf":[],"_links":{"self":[{"href":"https:\/\/triangle.cat\/fr\/wp-json\/wp\/v2\/product\/42196","targetHints":{"allow":["GET"]}}],"collection":[{"href":"https:\/\/triangle.cat\/fr\/wp-json\/wp\/v2\/product"}],"about":[{"href":"https:\/\/triangle.cat\/fr\/wp-json\/wp\/v2\/types\/product"}],"replies":[{"embeddable":true,"href":"https:\/\/triangle.cat\/fr\/wp-json\/wp\/v2\/comments?post=42196"}],"wp:featuredmedia":[{"embeddable":true,"href":"https:\/\/triangle.cat\/fr\/wp-json\/wp\/v2\/media\/42217"}],"wp:attachment":[{"href":"https:\/\/triangle.cat\/fr\/wp-json\/wp\/v2\/media?parent=42196"}],"wp:term":[{"taxonomy":"product_brand","embeddable":true,"href":"https:\/\/triangle.cat\/fr\/wp-json\/wp\/v2\/product_brand?post=42196"},{"taxonomy":"product_cat","embeddable":true,"href":"https:\/\/triangle.cat\/fr\/wp-json\/wp\/v2\/product_cat?post=42196"},{"taxonomy":"product_tag","embeddable":true,"href":"https:\/\/triangle.cat\/fr\/wp-json\/wp\/v2\/product_tag?post=42196"}],"curies":[{"name":"wp","href":"https:\/\/api.w.org\/{rel}","templated":true}]}}