
{"id":42010,"date":"2024-11-11T13:53:12","date_gmt":"2024-11-11T11:53:12","guid":{"rendered":"https:\/\/triangle.cat\/producto\/barcelona-17\/"},"modified":"2024-12-03T17:22:22","modified_gmt":"2024-12-03T15:22:22","slug":"barcelona-17-fr","status":"publish","type":"product","link":"https:\/\/triangle.cat\/fr\/producto\/barcelona-17-fr\/","title":{"rendered":"Barcelona"},"content":{"rendered":"","protected":false},"excerpt":{"rendered":"<p>C\u2019est \u00e0 Barcelone que se forgea le g\u00e9nie universel de Mir\u00f3 mais aussi ceux de Dal\u00ed, Gaud\u00ed et Picasso. Un attrayant parcours dans sa g\u00e9ographie urbaine, avec les commentaires d\u2019artistes et de visiteurs c\u00e9l\u00e8bres, donne la mesure exacte de son cosmopolitisme. Prologue de Carlos Zan\u00f3n. L\u2019ouvrage comprend des pages d\u00e9pliables avec des photos panoramiques<\/p>\n","protected":false},"featured_media":41952,"comment_status":"closed","ping_status":"closed","template":"","meta":{"_acf_changed":false,"_monsterinsights_skip_tracking":false,"_monsterinsights_sitenote_active":false,"_monsterinsights_sitenote_note":"","_monsterinsights_sitenote_category":0},"product_brand":[],"product_cat":[1539,1531,1459],"product_tag":[],"class_list":{"0":"post-42010","1":"product","2":"type-product","3":"status-publish","4":"has-post-thumbnail","6":"product_cat-barcelone-fr","7":"product_cat-livres","8":"product_cat-de-categoriser","9":"pa_idioma-multilingue-espanol-english-catala-francais-deutsch-fr","11":"first","12":"instock","13":"taxable","14":"shipping-taxable","15":"purchasable","16":"product-type-variable"},"acf":[],"_links":{"self":[{"href":"https:\/\/triangle.cat\/fr\/wp-json\/wp\/v2\/product\/42010","targetHints":{"allow":["GET"]}}],"collection":[{"href":"https:\/\/triangle.cat\/fr\/wp-json\/wp\/v2\/product"}],"about":[{"href":"https:\/\/triangle.cat\/fr\/wp-json\/wp\/v2\/types\/product"}],"replies":[{"embeddable":true,"href":"https:\/\/triangle.cat\/fr\/wp-json\/wp\/v2\/comments?post=42010"}],"wp:featuredmedia":[{"embeddable":true,"href":"https:\/\/triangle.cat\/fr\/wp-json\/wp\/v2\/media\/41952"}],"wp:attachment":[{"href":"https:\/\/triangle.cat\/fr\/wp-json\/wp\/v2\/media?parent=42010"}],"wp:term":[{"taxonomy":"product_brand","embeddable":true,"href":"https:\/\/triangle.cat\/fr\/wp-json\/wp\/v2\/product_brand?post=42010"},{"taxonomy":"product_cat","embeddable":true,"href":"https:\/\/triangle.cat\/fr\/wp-json\/wp\/v2\/product_cat?post=42010"},{"taxonomy":"product_tag","embeddable":true,"href":"https:\/\/triangle.cat\/fr\/wp-json\/wp\/v2\/product_tag?post=42010"}],"curies":[{"name":"wp","href":"https:\/\/api.w.org\/{rel}","templated":true}]}}