
{"id":41767,"date":"2024-10-14T09:10:27","date_gmt":"2024-10-14T07:10:27","guid":{"rendered":"https:\/\/triangle.cat\/producto\/la-alhambra-y-el-generalife\/"},"modified":"2024-12-17T11:43:04","modified_gmt":"2024-12-17T09:43:04","slug":"lalhambra-et-le-generalife","status":"publish","type":"product","link":"https:\/\/triangle.cat\/fr\/producto\/lalhambra-et-le-generalife\/","title":{"rendered":"L\u2019Alhambra et le Generalife"},"content":{"rendered":"","protected":false},"excerpt":{"rendered":"<p>Un d\u00e9licieux voyage \u00e0 travers l\u2019Alhambra de Grenade, l\u2019un des chefs-d\u2019\u0153uvre que la culture musulmane a \u00e9rig\u00e9 dans la p\u00e9ninsule ib\u00e9rique, patrimoine mondial depuis 1984.<br \/>\nCe livre nous guide \u00e0 travers l\u2019Alcazaba, le Mexuar, le Palais des Comares, le Patio de los Leones&#8230; Gr\u00e2ce \u00e0 la richesse des contrastes de la lumi\u00e8re et de l\u2019eau, la coloration et l\u2019ornementation nasride exquise des palais, des jardins et des patios.<br \/>\nUn plaisir pour les sens.<\/p>\n","protected":false},"featured_media":41724,"comment_status":"closed","ping_status":"closed","template":"","meta":{"_acf_changed":false,"_monsterinsights_skip_tracking":false,"_monsterinsights_sitenote_active":false,"_monsterinsights_sitenote_note":"","_monsterinsights_sitenote_category":0},"product_brand":[],"product_cat":[1533,1459],"product_tag":[],"class_list":{"0":"post-41767","1":"product","2":"type-product","3":"status-publish","4":"has-post-thumbnail","6":"product_cat-andalousie-fr","7":"product_cat-de-categoriser","8":"pa_idioma-chinois","9":"pa_idioma-deutsch-fr","10":"pa_idioma-english-fr","11":"pa_idioma-espanol-fr-2","12":"pa_idioma-francais-fr","13":"pa_idioma-italiano-fr","15":"first","16":"instock","17":"taxable","18":"shipping-taxable","19":"purchasable","20":"product-type-variable"},"acf":[],"_links":{"self":[{"href":"https:\/\/triangle.cat\/fr\/wp-json\/wp\/v2\/product\/41767","targetHints":{"allow":["GET"]}}],"collection":[{"href":"https:\/\/triangle.cat\/fr\/wp-json\/wp\/v2\/product"}],"about":[{"href":"https:\/\/triangle.cat\/fr\/wp-json\/wp\/v2\/types\/product"}],"replies":[{"embeddable":true,"href":"https:\/\/triangle.cat\/fr\/wp-json\/wp\/v2\/comments?post=41767"}],"wp:featuredmedia":[{"embeddable":true,"href":"https:\/\/triangle.cat\/fr\/wp-json\/wp\/v2\/media\/41724"}],"wp:attachment":[{"href":"https:\/\/triangle.cat\/fr\/wp-json\/wp\/v2\/media?parent=41767"}],"wp:term":[{"taxonomy":"product_brand","embeddable":true,"href":"https:\/\/triangle.cat\/fr\/wp-json\/wp\/v2\/product_brand?post=41767"},{"taxonomy":"product_cat","embeddable":true,"href":"https:\/\/triangle.cat\/fr\/wp-json\/wp\/v2\/product_cat?post=41767"},{"taxonomy":"product_tag","embeddable":true,"href":"https:\/\/triangle.cat\/fr\/wp-json\/wp\/v2\/product_tag?post=41767"}],"curies":[{"name":"wp","href":"https:\/\/api.w.org\/{rel}","templated":true}]}}