
{"id":41294,"date":"2024-07-29T12:55:37","date_gmt":"2024-07-29T10:55:37","guid":{"rendered":"https:\/\/triangle.cat\/producto\/esglesies-deivissa-i-formentera\/"},"modified":"2025-02-10T18:44:49","modified_gmt":"2025-02-10T16:44:49","slug":"eglises-dibiza-et-de-formentera","status":"publish","type":"product","link":"https:\/\/triangle.cat\/fr\/producto\/eglises-dibiza-et-de-formentera\/","title":{"rendered":"\u00c9glises d\u2019Ibiza et de Formentera"},"content":{"rendered":"","protected":false},"excerpt":{"rendered":"<p>Gestat durant prop de cinquanta anys, aquest llibre, obra del prestigi\u00f3s arquitecte El\u00edas Torres, \u00e9s una immersi\u00f3 en el ric patrimoni arquitect\u00f2nic religi\u00f3s d\u2019Eivissa i Formentera.<\/p>\n<p>A trav\u00e9s de pl\u00e0nols arquitect\u00f2nics, textos descriptius i les fotografies de Michael Moran, l\u2019obra presenta les particularitats de cada temple com mai s\u2019ha fet abans.<\/p>\n<p>Per mitj\u00e0 del testimoni vital de l\u2019arquitecte, el llibre tamb\u00e9 recull la profunda import\u00e0ncia d\u2019aquestes esgl\u00e9sies en la vida de la comunitat piti\u00fcsa.<\/p>\n<p><a href=\"https:\/\/triangle.cat\/wp-content\/uploads\/2025\/01\/conselleria_ieb-nou__1_-removebg-preview.png\"><img loading=\"lazy\" decoding=\"async\" class=\"alignnone wp-image-43381\" src=\"https:\/\/triangle.cat\/wp-content\/uploads\/2025\/01\/conselleria_ieb-nou__1_-removebg-preview-600x96.png\" alt=\"\" width=\"388\" height=\"62\" srcset=\"https:\/\/triangle.cat\/wp-content\/uploads\/2025\/01\/conselleria_ieb-nou__1_-removebg-preview-600x96.png 600w, https:\/\/triangle.cat\/wp-content\/uploads\/2025\/01\/conselleria_ieb-nou__1_-removebg-preview-1030x165.png 1030w, https:\/\/triangle.cat\/wp-content\/uploads\/2025\/01\/conselleria_ieb-nou__1_-removebg-preview-768x123.png 768w, https:\/\/triangle.cat\/wp-content\/uploads\/2025\/01\/conselleria_ieb-nou__1_-removebg-preview-705x113.png 705w, https:\/\/triangle.cat\/wp-content\/uploads\/2025\/01\/conselleria_ieb-nou__1_-removebg-preview-450x72.png 450w, https:\/\/triangle.cat\/wp-content\/uploads\/2025\/01\/conselleria_ieb-nou__1_-removebg-preview.png 1246w\" sizes=\"auto, (max-width: 388px) 100vw, 388px\" \/><\/a><\/p>\n","protected":false},"featured_media":41214,"comment_status":"closed","ping_status":"closed","template":"","meta":{"_acf_changed":false,"_monsterinsights_skip_tracking":false,"_monsterinsights_sitenote_active":false,"_monsterinsights_sitenote_note":"","_monsterinsights_sitenote_category":0},"product_brand":[],"product_cat":[1536,1551,1459],"product_tag":[],"class_list":{"0":"post-41294","1":"product","2":"type-product","3":"status-publish","4":"has-post-thumbnail","6":"product_cat-art-architecture-fr","7":"product_cat-ibiza-formentera-fr","8":"product_cat-de-categoriser","9":"pa_idioma-catalan-fr","10":"pa_idioma-english-fr","11":"pa_idioma-espanol-fr-2","13":"first","14":"instock","15":"taxable","16":"shipping-taxable","17":"purchasable","18":"product-type-variable"},"acf":[],"_links":{"self":[{"href":"https:\/\/triangle.cat\/fr\/wp-json\/wp\/v2\/product\/41294","targetHints":{"allow":["GET"]}}],"collection":[{"href":"https:\/\/triangle.cat\/fr\/wp-json\/wp\/v2\/product"}],"about":[{"href":"https:\/\/triangle.cat\/fr\/wp-json\/wp\/v2\/types\/product"}],"replies":[{"embeddable":true,"href":"https:\/\/triangle.cat\/fr\/wp-json\/wp\/v2\/comments?post=41294"}],"wp:featuredmedia":[{"embeddable":true,"href":"https:\/\/triangle.cat\/fr\/wp-json\/wp\/v2\/media\/41214"}],"wp:attachment":[{"href":"https:\/\/triangle.cat\/fr\/wp-json\/wp\/v2\/media?parent=41294"}],"wp:term":[{"taxonomy":"product_brand","embeddable":true,"href":"https:\/\/triangle.cat\/fr\/wp-json\/wp\/v2\/product_brand?post=41294"},{"taxonomy":"product_cat","embeddable":true,"href":"https:\/\/triangle.cat\/fr\/wp-json\/wp\/v2\/product_cat?post=41294"},{"taxonomy":"product_tag","embeddable":true,"href":"https:\/\/triangle.cat\/fr\/wp-json\/wp\/v2\/product_tag?post=41294"}],"curies":[{"name":"wp","href":"https:\/\/api.w.org\/{rel}","templated":true}]}}