
{"id":40968,"date":"2024-07-17T14:14:47","date_gmt":"2024-07-17T12:14:47","guid":{"rendered":"https:\/\/triangle.cat\/producto\/catedral-de-mallorca\/"},"modified":"2024-07-17T14:35:14","modified_gmt":"2024-07-17T12:35:14","slug":"la-cathedrale-de-majorque","status":"publish","type":"product","link":"https:\/\/triangle.cat\/fr\/producto\/la-cathedrale-de-majorque\/","title":{"rendered":"La Cath\u00e9drale de Majorque"},"content":{"rendered":"","protected":false},"excerpt":{"rendered":"<p>L\u2019origine de la construction de la Cath\u00e9drale de Majorque remonte \u00e0 la conqu\u00eate de l\u2019\u00eele en 1229 par Jacques Ier d\u2019Aragon, qui ordonna de faire de l\u2019ancienne mosqu\u00e9e une \u00e9glise chr\u00e9tienne, plac\u00e9e sous la protection de la Vierge Marie. La cath\u00e9drale actuelle est le r\u00e9sultat de plus de sept si\u00e8cles d\u2019histoire. On d\u00e9couvre dans cette \u00e9glise vivante des interventions majeures, telles celles men\u00e9es par Antoni Gaud\u00ed ou Miquel Barcel\u00f3. Ce guide va vous permettre de d\u00e9couvrir la signification et l\u2019importance de \u00ab La Seu \u00bb en tant qu\u2019\u00e9glise principale du dioc\u00e8se, ainsi que son histoire et les \u0153uvres les plus significatives et singuli\u00e8res que renferme son int\u00e9rieur.<\/p>\n","protected":false},"featured_media":40928,"comment_status":"closed","ping_status":"closed","template":"","meta":{"_acf_changed":false,"_monsterinsights_skip_tracking":false,"_monsterinsights_sitenote_active":false,"_monsterinsights_sitenote_note":"","_monsterinsights_sitenote_category":0},"product_brand":[],"product_cat":[1505,1491,1528,1459],"product_tag":[],"class_list":{"0":"post-40968","1":"product","2":"type-product","3":"status-publish","4":"has-post-thumbnail","6":"product_cat-collection-patrimonium","7":"product_cat-guides","8":"product_cat-iles-baleares","9":"product_cat-de-categoriser","10":"pa_idioma-allemand","11":"pa_idioma-anglais","12":"pa_idioma-catalan-fr","13":"pa_idioma-espanol-fr-2","14":"pa_idioma-francais-fr-2","16":"first","17":"instock","18":"taxable","19":"shipping-taxable","20":"purchasable","21":"product-type-variable"},"acf":[],"_links":{"self":[{"href":"https:\/\/triangle.cat\/fr\/wp-json\/wp\/v2\/product\/40968","targetHints":{"allow":["GET"]}}],"collection":[{"href":"https:\/\/triangle.cat\/fr\/wp-json\/wp\/v2\/product"}],"about":[{"href":"https:\/\/triangle.cat\/fr\/wp-json\/wp\/v2\/types\/product"}],"replies":[{"embeddable":true,"href":"https:\/\/triangle.cat\/fr\/wp-json\/wp\/v2\/comments?post=40968"}],"wp:featuredmedia":[{"embeddable":true,"href":"https:\/\/triangle.cat\/fr\/wp-json\/wp\/v2\/media\/40928"}],"wp:attachment":[{"href":"https:\/\/triangle.cat\/fr\/wp-json\/wp\/v2\/media?parent=40968"}],"wp:term":[{"taxonomy":"product_brand","embeddable":true,"href":"https:\/\/triangle.cat\/fr\/wp-json\/wp\/v2\/product_brand?post=40968"},{"taxonomy":"product_cat","embeddable":true,"href":"https:\/\/triangle.cat\/fr\/wp-json\/wp\/v2\/product_cat?post=40968"},{"taxonomy":"product_tag","embeddable":true,"href":"https:\/\/triangle.cat\/fr\/wp-json\/wp\/v2\/product_tag?post=40968"}],"curies":[{"name":"wp","href":"https:\/\/api.w.org\/{rel}","templated":true}]}}