
{"id":40913,"date":"2024-07-17T13:28:49","date_gmt":"2024-07-17T11:28:49","guid":{"rendered":"https:\/\/triangle.cat\/producto\/quins-animalons-hi-trobem-a-la-mar-mediterrania\/"},"modified":"2025-02-10T15:55:48","modified_gmt":"2025-02-10T13:55:48","slug":"quins-animalons-hi-trobem-a-la-mar-mediterrania","status":"publish","type":"product","link":"https:\/\/triangle.cat\/fr\/producto\/quins-animalons-hi-trobem-a-la-mar-mediterrania\/","title":{"rendered":"Quels sont les animaux qu\u2019on trouve en mer M\u00e9diterran\u00e9e"},"content":{"rendered":"","protected":false},"excerpt":{"rendered":"<p>Dans la mer M\u00e9diterran\u00e9e nous trouvons beaucoup de petits animaux. D\u00e9couvrez lesquels se trouvent dans ce petit livre tout en apprenant des langues ! \u201cQuels sont les animaux qu\u2019on trouve en mer M\u00e9diterran\u00e9e ?\u201d est un livre en carton \u00e9pais recycl\u00e9 qui emm\u00e8ne les enfants \u00e0 la d\u00e9couverte des myst\u00e8res de la mer de mani\u00e8re agr\u00e9able et amusante, en mettant en valeur les \u00e9l\u00e9ments naturels et culturels de la M\u00e9diterran\u00e9e.<\/p>\n<p>Con\u00e7u pour les premiers lecteurs \u2013 en utilisant des caract\u00e8res majuscules \u2013 il parvient \u00e9gale-ment \u00e0 susciter l\u2019int\u00e9r\u00eat pour d\u2019autres langues, car il permet de lire un texte similaire en trois langues dans chacune de ses ver-sions (espagnol-anglais-fran\u00e7ais \/ catalan-espagnol-anglais).<\/p>\n<p><a href=\"https:\/\/triangle.cat\/wp-content\/uploads\/2025\/01\/conselleria_ieb-nou__1_-removebg-preview.png\"><img loading=\"lazy\" decoding=\"async\" class=\"alignnone  wp-image-43381\" src=\"https:\/\/triangle.cat\/wp-content\/uploads\/2025\/01\/conselleria_ieb-nou__1_-removebg-preview-600x96.png\" alt=\"\" width=\"388\" height=\"62\" srcset=\"https:\/\/triangle.cat\/wp-content\/uploads\/2025\/01\/conselleria_ieb-nou__1_-removebg-preview-600x96.png 600w, https:\/\/triangle.cat\/wp-content\/uploads\/2025\/01\/conselleria_ieb-nou__1_-removebg-preview-1030x165.png 1030w, https:\/\/triangle.cat\/wp-content\/uploads\/2025\/01\/conselleria_ieb-nou__1_-removebg-preview-768x123.png 768w, https:\/\/triangle.cat\/wp-content\/uploads\/2025\/01\/conselleria_ieb-nou__1_-removebg-preview-705x113.png 705w, https:\/\/triangle.cat\/wp-content\/uploads\/2025\/01\/conselleria_ieb-nou__1_-removebg-preview-450x72.png 450w, https:\/\/triangle.cat\/wp-content\/uploads\/2025\/01\/conselleria_ieb-nou__1_-removebg-preview.png 1246w\" sizes=\"auto, (max-width: 388px) 100vw, 388px\" \/><\/a><\/p>\n","protected":false},"featured_media":40902,"comment_status":"closed","ping_status":"closed","template":"","meta":{"_acf_changed":false,"_monsterinsights_skip_tracking":false,"_monsterinsights_sitenote_active":false,"_monsterinsights_sitenote_note":"","_monsterinsights_sitenote_category":0},"product_brand":[],"product_cat":[1912,1563],"product_tag":[],"class_list":{"0":"post-40913","1":"product","2":"type-product","3":"status-publish","4":"has-post-thumbnail","6":"product_cat-llibres-infantils-fr","7":"product_cat-pour-enfants","8":"pa_idioma-multilingue-catala-espanol-english-fr","9":"pa_idioma-multilingue-espanol-english-francais-fr","11":"first","12":"instock","13":"taxable","14":"shipping-taxable","15":"purchasable","16":"product-type-variable"},"acf":[],"_links":{"self":[{"href":"https:\/\/triangle.cat\/fr\/wp-json\/wp\/v2\/product\/40913","targetHints":{"allow":["GET"]}}],"collection":[{"href":"https:\/\/triangle.cat\/fr\/wp-json\/wp\/v2\/product"}],"about":[{"href":"https:\/\/triangle.cat\/fr\/wp-json\/wp\/v2\/types\/product"}],"replies":[{"embeddable":true,"href":"https:\/\/triangle.cat\/fr\/wp-json\/wp\/v2\/comments?post=40913"}],"wp:featuredmedia":[{"embeddable":true,"href":"https:\/\/triangle.cat\/fr\/wp-json\/wp\/v2\/media\/40902"}],"wp:attachment":[{"href":"https:\/\/triangle.cat\/fr\/wp-json\/wp\/v2\/media?parent=40913"}],"wp:term":[{"taxonomy":"product_brand","embeddable":true,"href":"https:\/\/triangle.cat\/fr\/wp-json\/wp\/v2\/product_brand?post=40913"},{"taxonomy":"product_cat","embeddable":true,"href":"https:\/\/triangle.cat\/fr\/wp-json\/wp\/v2\/product_cat?post=40913"},{"taxonomy":"product_tag","embeddable":true,"href":"https:\/\/triangle.cat\/fr\/wp-json\/wp\/v2\/product_tag?post=40913"}],"curies":[{"name":"wp","href":"https:\/\/api.w.org\/{rel}","templated":true}]}}