
{"id":40757,"date":"2024-07-17T12:25:33","date_gmt":"2024-07-17T10:25:33","guid":{"rendered":"https:\/\/triangle.cat\/producto\/mapa-de-lalhambra-per-a-pintar\/"},"modified":"2024-07-17T12:42:22","modified_gmt":"2024-07-17T10:42:22","slug":"mapa-de-lalhambra-per-a-pintar","status":"publish","type":"product","link":"https:\/\/triangle.cat\/fr\/producto\/mapa-de-lalhambra-per-a-pintar\/","title":{"rendered":"Mapa de l\u2019Alhambra per a pintar"},"content":{"rendered":"","protected":false},"excerpt":{"rendered":"<p>Per pintar i gaudir-ne a dojo! Els petits (i els no tan petits), sols o acompanyats, podran explorar aquesta joia de l\u2019art musulm\u00e0 declarada Patrimoni Mundial de la Unesco. Passejaran per diferents \u00e8poques i palaus acompanyats per l\u2019aigua d\u2019estanys i fonts, com la dels Lleons, la m\u00e9s famosa de tota la Alhambra. O gaudir de jardins tan meravellosos com els del Generalife. Tot aix\u00f2 i molt m\u00e9s!<\/p>\n","protected":false},"featured_media":40748,"comment_status":"closed","ping_status":"closed","template":"","meta":{"_acf_changed":false,"_monsterinsights_skip_tracking":false,"_monsterinsights_sitenote_active":false,"_monsterinsights_sitenote_note":"","_monsterinsights_sitenote_category":0},"product_brand":[],"product_cat":[1563],"product_tag":[],"class_list":{"0":"post-40757","1":"product","2":"type-product","3":"status-publish","4":"has-post-thumbnail","6":"product_cat-pour-enfants","7":"pa_idioma-anglais","8":"pa_idioma-espanol-fr-2","10":"first","11":"instock","12":"taxable","13":"shipping-taxable","14":"purchasable","15":"product-type-variable"},"acf":[],"_links":{"self":[{"href":"https:\/\/triangle.cat\/fr\/wp-json\/wp\/v2\/product\/40757","targetHints":{"allow":["GET"]}}],"collection":[{"href":"https:\/\/triangle.cat\/fr\/wp-json\/wp\/v2\/product"}],"about":[{"href":"https:\/\/triangle.cat\/fr\/wp-json\/wp\/v2\/types\/product"}],"replies":[{"embeddable":true,"href":"https:\/\/triangle.cat\/fr\/wp-json\/wp\/v2\/comments?post=40757"}],"wp:featuredmedia":[{"embeddable":true,"href":"https:\/\/triangle.cat\/fr\/wp-json\/wp\/v2\/media\/40748"}],"wp:attachment":[{"href":"https:\/\/triangle.cat\/fr\/wp-json\/wp\/v2\/media?parent=40757"}],"wp:term":[{"taxonomy":"product_brand","embeddable":true,"href":"https:\/\/triangle.cat\/fr\/wp-json\/wp\/v2\/product_brand?post=40757"},{"taxonomy":"product_cat","embeddable":true,"href":"https:\/\/triangle.cat\/fr\/wp-json\/wp\/v2\/product_cat?post=40757"},{"taxonomy":"product_tag","embeddable":true,"href":"https:\/\/triangle.cat\/fr\/wp-json\/wp\/v2\/product_tag?post=40757"}],"curies":[{"name":"wp","href":"https:\/\/api.w.org\/{rel}","templated":true}]}}