
{"id":40737,"date":"2024-07-17T11:54:45","date_gmt":"2024-07-17T09:54:45","guid":{"rendered":"https:\/\/triangle.cat\/producto\/menorca-postals-per-a-pintar\/"},"modified":"2024-11-14T17:05:48","modified_gmt":"2024-11-14T15:05:48","slug":"minorque-cartes-postales-a-colorier","status":"publish","type":"product","link":"https:\/\/triangle.cat\/fr\/producto\/minorque-cartes-postales-a-colorier\/","title":{"rendered":"Minorque"},"content":{"rendered":"","protected":false},"excerpt":{"rendered":"<p>Maintenant, les cartes postales changent de COULEUR!<\/p>\n<p>La nouvelle collection de 8 cartes postales de Minorque \u00e0 colorier est arriv\u00e9e. Elles sont disponibles s\u00e9par\u00e9ment ou les huit dans une chemise pratique. Les plus petits (et aussi les grands, bien s\u00fbr) pourront, en plus d\u2019exprimer leur exp\u00e9rience sur l\u2019\u00eele avec des mots, faire parler l\u2019artiste qui est en eux.<\/p>\n<p>Quelle belle surprise pour les amis et la fa-mille quand ils ouvriront leur bo\u00eete \u00e0 lettres!<\/p>\n<p>ISBN: 842-44-5502-542-5<\/p>\n","protected":false},"featured_media":42111,"comment_status":"closed","ping_status":"closed","template":"","meta":{"_acf_changed":false,"_monsterinsights_skip_tracking":false,"_monsterinsights_sitenote_active":false,"_monsterinsights_sitenote_note":"","_monsterinsights_sitenote_category":0},"product_brand":[],"product_cat":[1563],"product_tag":[],"class_list":{"0":"post-40737","1":"product","2":"type-product","3":"status-publish","4":"has-post-thumbnail","6":"product_cat-pour-enfants","8":"first","9":"instock","10":"taxable","11":"shipping-taxable","12":"purchasable","13":"product-type-simple"},"acf":[],"_links":{"self":[{"href":"https:\/\/triangle.cat\/fr\/wp-json\/wp\/v2\/product\/40737","targetHints":{"allow":["GET"]}}],"collection":[{"href":"https:\/\/triangle.cat\/fr\/wp-json\/wp\/v2\/product"}],"about":[{"href":"https:\/\/triangle.cat\/fr\/wp-json\/wp\/v2\/types\/product"}],"replies":[{"embeddable":true,"href":"https:\/\/triangle.cat\/fr\/wp-json\/wp\/v2\/comments?post=40737"}],"wp:featuredmedia":[{"embeddable":true,"href":"https:\/\/triangle.cat\/fr\/wp-json\/wp\/v2\/media\/42111"}],"wp:attachment":[{"href":"https:\/\/triangle.cat\/fr\/wp-json\/wp\/v2\/media?parent=40737"}],"wp:term":[{"taxonomy":"product_brand","embeddable":true,"href":"https:\/\/triangle.cat\/fr\/wp-json\/wp\/v2\/product_brand?post=40737"},{"taxonomy":"product_cat","embeddable":true,"href":"https:\/\/triangle.cat\/fr\/wp-json\/wp\/v2\/product_cat?post=40737"},{"taxonomy":"product_tag","embeddable":true,"href":"https:\/\/triangle.cat\/fr\/wp-json\/wp\/v2\/product_tag?post=40737"}],"curies":[{"name":"wp","href":"https:\/\/api.w.org\/{rel}","templated":true}]}}