
{"id":40650,"date":"2024-07-05T18:02:31","date_gmt":"2024-07-05T16:02:31","guid":{"rendered":"https:\/\/triangle.cat\/producto\/alhambra-palacios-nazaries\/"},"modified":"2024-11-19T12:05:24","modified_gmt":"2024-11-19T10:05:24","slug":"alhambra-palais-nasrides","status":"publish","type":"product","link":"https:\/\/triangle.cat\/fr\/producto\/alhambra-palais-nasrides\/","title":{"rendered":"Alhambra. Palais Nasrides"},"content":{"rendered":"","protected":false},"excerpt":{"rendered":"<p>Les Palais Nasrides constituent le v\u00e9ritable c\u0153ur de l\u2019Alhambra, chef-d\u2019\u0153uvre de l\u2019art universel, inscrit au patrimoine mondial de l\u2019UNESCO depuis 1984.<\/p>\n<p>Construits tout au long du xive si\u00e8cle, le Mexuar, le Palais de Comares et le Palais des Lions, r\u00e9sidences des souverains de la dynastie nasride, frappent par le contraste entre leurs murs ext\u00e9rieurs aust\u00e8res et les cours et salles int\u00e9rieures dans lesquelles les artistes ont donn\u00e9 libre cours \u00e0 leur talent, r\u00e9unissant en harmonie les plinthes carrel\u00e9es, les pl\u00e2tres muraux et les plafonds \u00e0 caissons, tous \u00e0 motifs g\u00e9om\u00e9triques, \u00e9pigraphiques et v\u00e9g\u00e9taux.<\/p>\n<p>Ce livre montre comment l\u2019harmonie entre l\u2019architecture, la d\u00e9co-ration et l\u2019eau atteint les plus hauts niveaux dans les Palais Nasrides.<\/p>\n","protected":false},"featured_media":41002,"comment_status":"closed","ping_status":"closed","template":"","meta":{"_acf_changed":false,"_monsterinsights_skip_tracking":false,"_monsterinsights_sitenote_active":false,"_monsterinsights_sitenote_note":"","_monsterinsights_sitenote_category":0},"product_brand":[],"product_cat":[1494,1533,1491,1531],"product_tag":[],"class_list":{"0":"post-40650","1":"product","2":"type-product","3":"status-publish","4":"has-post-thumbnail","6":"product_cat-andalousie","7":"product_cat-andalousie-fr","8":"product_cat-guides","9":"product_cat-livres","10":"pa_idioma-chinois","11":"pa_idioma-coreen","12":"pa_idioma-deutsch-fr","13":"pa_idioma-english-fr","14":"pa_idioma-espanol-fr-2","15":"pa_idioma-francais-fr","16":"pa_idioma-italiano-fr","17":"pa_idioma-japonais","18":"pa_idioma-nederlands-fr","19":"pa_idioma-portugues-fr","20":"pa_idioma-russe","21":"pa_idioma-arab-fr","23":"first","24":"instock","25":"taxable","26":"shipping-taxable","27":"purchasable","28":"product-type-variable"},"acf":[],"_links":{"self":[{"href":"https:\/\/triangle.cat\/fr\/wp-json\/wp\/v2\/product\/40650","targetHints":{"allow":["GET"]}}],"collection":[{"href":"https:\/\/triangle.cat\/fr\/wp-json\/wp\/v2\/product"}],"about":[{"href":"https:\/\/triangle.cat\/fr\/wp-json\/wp\/v2\/types\/product"}],"replies":[{"embeddable":true,"href":"https:\/\/triangle.cat\/fr\/wp-json\/wp\/v2\/comments?post=40650"}],"wp:featuredmedia":[{"embeddable":true,"href":"https:\/\/triangle.cat\/fr\/wp-json\/wp\/v2\/media\/41002"}],"wp:attachment":[{"href":"https:\/\/triangle.cat\/fr\/wp-json\/wp\/v2\/media?parent=40650"}],"wp:term":[{"taxonomy":"product_brand","embeddable":true,"href":"https:\/\/triangle.cat\/fr\/wp-json\/wp\/v2\/product_brand?post=40650"},{"taxonomy":"product_cat","embeddable":true,"href":"https:\/\/triangle.cat\/fr\/wp-json\/wp\/v2\/product_cat?post=40650"},{"taxonomy":"product_tag","embeddable":true,"href":"https:\/\/triangle.cat\/fr\/wp-json\/wp\/v2\/product_tag?post=40650"}],"curies":[{"name":"wp","href":"https:\/\/api.w.org\/{rel}","templated":true}]}}