
{"id":40432,"date":"2024-07-05T17:12:10","date_gmt":"2024-07-05T15:12:10","guid":{"rendered":"https:\/\/triangle.cat\/producto\/casa-batllo-house-barcelona\/"},"modified":"2024-10-30T20:30:43","modified_gmt":"2024-10-30T18:30:43","slug":"casa-batllo-maison-barcelone","status":"publish","type":"product","link":"https:\/\/triangle.cat\/fr\/producto\/casa-batllo-maison-barcelone\/","title":{"rendered":"Casa Batll\u00f3"},"content":{"rendered":"","protected":false},"excerpt":{"rendered":"<p>Ce livre rend hommage au g\u00e9nie et \u00e0 la passion cr\u00e9atrice de Gaud\u00ed. Le joyau architectural qu\u2019est la Casa Batll\u00f3 et l\u2019impact \u00e9motionnel qu\u2019elle a sur ses visiteurs sont fid\u00e8lement refl\u00e9t\u00e9s dans Casa Batll\u00f3. La Maison de Barcelone \u00e0 travers les photographies de Pere Vivas qui sont une fen\u00eatre ouverte sur l\u2019univers prodigieux de l\u2019architecte, d\u2019une part, et de mani\u00e8re plus r\u00e9fl\u00e9chie, \u00e0 travers les textes de Daniel Giralt-Miracle, Mireia Freixa, Amilcar Vargas, Alfredo Ruiz, Joan Olona, Ignasi Villanueva, Mireia Bosch, Ana Atance et Xavier Villanueva qui r\u00e9v\u00e8lent le pass\u00e9, le pr\u00e9sent, l\u2019h\u00e9ritage secret, l\u2019art et le symbolisme d\u2019un chef-d\u2019\u0153uvre, inscrit au patrimoine mondial de l\u2019UNESCO depuis 2005.<br \/>\n\u201cBienvenue \u00e0 Casa Batll\u00f3, qui est, d\u00e8s cet instant, votre maison.\u201d (Nina Bernat, Membre du Conseil de Casa Batll\u00f3).<\/p>\n","protected":false},"featured_media":40346,"comment_status":"closed","ping_status":"closed","template":"","meta":{"_acf_changed":false,"_monsterinsights_skip_tracking":false,"_monsterinsights_sitenote_active":false,"_monsterinsights_sitenote_note":"","_monsterinsights_sitenote_category":0},"product_brand":[],"product_cat":[1897,1531,1459],"product_tag":[],"class_list":{"0":"post-40432","1":"product","2":"type-product","3":"status-publish","4":"has-post-thumbnail","6":"product_cat-gaudi-fr","7":"product_cat-livres","8":"product_cat-de-categoriser","9":"pa_idioma-catalan-fr","10":"pa_idioma-english-fr","11":"pa_idioma-espanol-fr-2","12":"pa_idioma-francais-fr","14":"first","15":"instock","16":"taxable","17":"shipping-taxable","18":"purchasable","19":"product-type-variable"},"acf":[],"_links":{"self":[{"href":"https:\/\/triangle.cat\/fr\/wp-json\/wp\/v2\/product\/40432","targetHints":{"allow":["GET"]}}],"collection":[{"href":"https:\/\/triangle.cat\/fr\/wp-json\/wp\/v2\/product"}],"about":[{"href":"https:\/\/triangle.cat\/fr\/wp-json\/wp\/v2\/types\/product"}],"replies":[{"embeddable":true,"href":"https:\/\/triangle.cat\/fr\/wp-json\/wp\/v2\/comments?post=40432"}],"wp:featuredmedia":[{"embeddable":true,"href":"https:\/\/triangle.cat\/fr\/wp-json\/wp\/v2\/media\/40346"}],"wp:attachment":[{"href":"https:\/\/triangle.cat\/fr\/wp-json\/wp\/v2\/media?parent=40432"}],"wp:term":[{"taxonomy":"product_brand","embeddable":true,"href":"https:\/\/triangle.cat\/fr\/wp-json\/wp\/v2\/product_brand?post=40432"},{"taxonomy":"product_cat","embeddable":true,"href":"https:\/\/triangle.cat\/fr\/wp-json\/wp\/v2\/product_cat?post=40432"},{"taxonomy":"product_tag","embeddable":true,"href":"https:\/\/triangle.cat\/fr\/wp-json\/wp\/v2\/product_tag?post=40432"}],"curies":[{"name":"wp","href":"https:\/\/api.w.org\/{rel}","templated":true}]}}