
{"id":35719,"date":"2023-12-06T00:00:00","date_gmt":"2023-12-28T23:02:31","guid":{"rendered":"https:\/\/triangle.cat\/producto\/el-rei-carboner\/"},"modified":"2024-06-27T18:14:13","modified_gmt":"2024-06-27T16:14:13","slug":"el-rei-carboner","status":"publish","type":"product","link":"https:\/\/triangle.cat\/fr\/producto\/el-rei-carboner\/","title":{"rendered":"El Rei Carboner"},"content":{"rendered":"","protected":false},"excerpt":{"rendered":"<p>D\u00e9couvrez l&rsquo;histoire d&rsquo;un humble charbonnier qui se consacre \u00e0 la livraison de charbon dans le monde entier. Un voyage plein d&rsquo;aventures et de surprises o\u00f9 tout n&rsquo;est pas comme il semble, et vous d\u00e9couvrez que ni les gentils ne sont si bons ni les m\u00e9chants si m\u00e9chants. Et toi? Avez-vous \u00e9t\u00e9 sage cette ann\u00e9e ?<\/p>\n","protected":false},"featured_media":35611,"comment_status":"closed","ping_status":"closed","template":"","meta":{"_acf_changed":false,"_monsterinsights_skip_tracking":false,"_monsterinsights_sitenote_active":false,"_monsterinsights_sitenote_note":"","_monsterinsights_sitenote_category":0},"product_brand":[],"product_cat":[1912,1563],"product_tag":[],"class_list":{"0":"post-35719","1":"product","2":"type-product","3":"status-publish","4":"has-post-thumbnail","6":"product_cat-llibres-infantils-fr","7":"product_cat-pour-enfants","9":"first","10":"instock","11":"taxable","12":"shipping-taxable","13":"purchasable","14":"product-type-simple"},"acf":[],"_links":{"self":[{"href":"https:\/\/triangle.cat\/fr\/wp-json\/wp\/v2\/product\/35719","targetHints":{"allow":["GET"]}}],"collection":[{"href":"https:\/\/triangle.cat\/fr\/wp-json\/wp\/v2\/product"}],"about":[{"href":"https:\/\/triangle.cat\/fr\/wp-json\/wp\/v2\/types\/product"}],"replies":[{"embeddable":true,"href":"https:\/\/triangle.cat\/fr\/wp-json\/wp\/v2\/comments?post=35719"}],"wp:featuredmedia":[{"embeddable":true,"href":"https:\/\/triangle.cat\/fr\/wp-json\/wp\/v2\/media\/35611"}],"wp:attachment":[{"href":"https:\/\/triangle.cat\/fr\/wp-json\/wp\/v2\/media?parent=35719"}],"wp:term":[{"taxonomy":"product_brand","embeddable":true,"href":"https:\/\/triangle.cat\/fr\/wp-json\/wp\/v2\/product_brand?post=35719"},{"taxonomy":"product_cat","embeddable":true,"href":"https:\/\/triangle.cat\/fr\/wp-json\/wp\/v2\/product_cat?post=35719"},{"taxonomy":"product_tag","embeddable":true,"href":"https:\/\/triangle.cat\/fr\/wp-json\/wp\/v2\/product_tag?post=35719"}],"curies":[{"name":"wp","href":"https:\/\/api.w.org\/{rel}","templated":true}]}}