
{"id":35546,"date":"2019-03-06T00:00:00","date_gmt":"2022-03-05T22:00:00","guid":{"rendered":"https:\/\/triangle.cat\/producto\/sketchguides-a-day-at-palau-guell\/"},"modified":"2025-07-30T10:09:05","modified_gmt":"2025-07-30T08:09:05","slug":"sketchguides-a-day-at-palau-guell","status":"publish","type":"product","link":"https:\/\/triangle.cat\/fr\/producto\/sketchguides-a-day-at-palau-guell\/","title":{"rendered":"A day at Palau G\u00fcell"},"content":{"rendered":"","protected":false},"excerpt":{"rendered":"<p>Quand j\u2019\u00e9tais petit, je ressentais d\u00e9j\u00e0 le besoin de m&rsquo;exprimer \u00e0 travers le dessin. A seize ans j\u2019ai fait la Route du Quetzal et j&rsquo;ai d\u00e9couvert que le dessin m&rsquo;offrait plus de possibilit\u00e9s que la photographie pour r\u00e9interpr\u00e9ter et explorer la r\u00e9alit\u00e9. Une fois install\u00e9 \u00e0 Barcelone, le dessin est devenu une option de vie et un moyen d&rsquo;am\u00e9liorer mes comp\u00e9tences. Aujourd\u2019hui, je me concentre totalement pour comprendre ce que je dessine pour en extraire le sens et la beaut\u00e9. Je jouis tout en apprenant et vice versa. Dessiner le Palau G\u00fcell \u00e9tait un v\u00e9ritable d\u00e9fi, et il a \u00e9t\u00e9 tr\u00e8s gratifiant de repr\u00e9senter tout son environnement et de d\u00e9chiffrer le g\u00e9nie de Gaud\u00ed.<\/p>\n","protected":false},"featured_media":35503,"comment_status":"closed","ping_status":"closed","template":"","meta":{"_acf_changed":false,"_monsterinsights_skip_tracking":false,"_monsterinsights_sitenote_active":false,"_monsterinsights_sitenote_note":"","_monsterinsights_sitenote_category":0},"product_brand":[],"product_cat":[1498,1500,1524],"product_tag":[],"class_list":{"0":"post-35546","1":"product","2":"type-product","3":"status-publish","4":"has-post-thumbnail","6":"product_cat-art-arquitecture","7":"product_cat-barcelone","8":"product_cat-sketchguides-fr","9":"pa_idioma-multilingue-espanol-english-francais-fr","11":"first","12":"instock","13":"purchasable","14":"product-type-variable"},"acf":[],"_links":{"self":[{"href":"https:\/\/triangle.cat\/fr\/wp-json\/wp\/v2\/product\/35546","targetHints":{"allow":["GET"]}}],"collection":[{"href":"https:\/\/triangle.cat\/fr\/wp-json\/wp\/v2\/product"}],"about":[{"href":"https:\/\/triangle.cat\/fr\/wp-json\/wp\/v2\/types\/product"}],"replies":[{"embeddable":true,"href":"https:\/\/triangle.cat\/fr\/wp-json\/wp\/v2\/comments?post=35546"}],"wp:featuredmedia":[{"embeddable":true,"href":"https:\/\/triangle.cat\/fr\/wp-json\/wp\/v2\/media\/35503"}],"wp:attachment":[{"href":"https:\/\/triangle.cat\/fr\/wp-json\/wp\/v2\/media?parent=35546"}],"wp:term":[{"taxonomy":"product_brand","embeddable":true,"href":"https:\/\/triangle.cat\/fr\/wp-json\/wp\/v2\/product_brand?post=35546"},{"taxonomy":"product_cat","embeddable":true,"href":"https:\/\/triangle.cat\/fr\/wp-json\/wp\/v2\/product_cat?post=35546"},{"taxonomy":"product_tag","embeddable":true,"href":"https:\/\/triangle.cat\/fr\/wp-json\/wp\/v2\/product_tag?post=35546"}],"curies":[{"name":"wp","href":"https:\/\/api.w.org\/{rel}","templated":true}]}}