
{"id":35545,"date":"2021-03-06T00:00:00","date_gmt":"2022-03-05T22:00:00","guid":{"rendered":"https:\/\/triangle.cat\/producto\/sketchguides-park-guell-journey\/"},"modified":"2025-12-02T20:29:34","modified_gmt":"2025-12-02T18:29:34","slug":"sketchguides-park-guell-journey","status":"publish","type":"product","link":"https:\/\/triangle.cat\/fr\/producto\/sketchguides-park-guell-journey\/","title":{"rendered":"Park G\u00fcell journey"},"content":{"rendered":"","protected":false},"excerpt":{"rendered":"<p>J&rsquo;aime les couleurs et j&rsquo;aime ma ville, Barcelone. En tant que graphiste et illustratrice, je travaille habituellement \u00e0 huis clos dans mon atelier, mais gr\u00e2ce au STREET SKETCHING j&rsquo;ai d\u00e9couvert mon c\u00f4t\u00e9 pictural et ma ville. J&rsquo;aime beaucoup les crayons de couleur, les aquarelles et les gouaches et j&rsquo;adore me salir les mains. Le Park G\u00fcell est un endroit merveilleux qui vous s\u00e9duit avec ses lignes et ses couleurs. Je vous invite \u00e0 ce bref VOYAGE EN DESSINS \u00e0 travers l&rsquo;un des lieux les plus surprenants et MAGIQUES de l&rsquo;univers GAUD\u00cd. J&rsquo;esp\u00e8re que vous vous amuserez autant que moi \u00e0 le dessiner !<\/br> <\/br>ISBN: 978-84-9458-291-2 &#8211; SGPK-2<\/p>\n","protected":false},"featured_media":35498,"comment_status":"closed","ping_status":"closed","template":"","meta":{"_acf_changed":false,"_monsterinsights_skip_tracking":false,"_monsterinsights_sitenote_active":false,"_monsterinsights_sitenote_note":"","_monsterinsights_sitenote_category":0},"product_brand":[],"product_cat":[1498,1500,1524],"product_tag":[],"class_list":{"0":"post-35545","1":"product","2":"type-product","3":"status-publish","4":"has-post-thumbnail","6":"product_cat-art-arquitecture","7":"product_cat-barcelone","8":"product_cat-sketchguides-fr","9":"pa_idioma-multilingue-espanol-english-francais-fr","11":"first","12":"instock","13":"purchasable","14":"product-type-variable"},"acf":[],"_links":{"self":[{"href":"https:\/\/triangle.cat\/fr\/wp-json\/wp\/v2\/product\/35545","targetHints":{"allow":["GET"]}}],"collection":[{"href":"https:\/\/triangle.cat\/fr\/wp-json\/wp\/v2\/product"}],"about":[{"href":"https:\/\/triangle.cat\/fr\/wp-json\/wp\/v2\/types\/product"}],"replies":[{"embeddable":true,"href":"https:\/\/triangle.cat\/fr\/wp-json\/wp\/v2\/comments?post=35545"}],"wp:featuredmedia":[{"embeddable":true,"href":"https:\/\/triangle.cat\/fr\/wp-json\/wp\/v2\/media\/35498"}],"wp:attachment":[{"href":"https:\/\/triangle.cat\/fr\/wp-json\/wp\/v2\/media?parent=35545"}],"wp:term":[{"taxonomy":"product_brand","embeddable":true,"href":"https:\/\/triangle.cat\/fr\/wp-json\/wp\/v2\/product_brand?post=35545"},{"taxonomy":"product_cat","embeddable":true,"href":"https:\/\/triangle.cat\/fr\/wp-json\/wp\/v2\/product_cat?post=35545"},{"taxonomy":"product_tag","embeddable":true,"href":"https:\/\/triangle.cat\/fr\/wp-json\/wp\/v2\/product_tag?post=35545"}],"curies":[{"name":"wp","href":"https:\/\/api.w.org\/{rel}","templated":true}]}}