
{"id":35544,"date":"2021-03-06T00:00:00","date_gmt":"2022-03-05T22:00:00","guid":{"rendered":"https:\/\/triangle.cat\/producto\/sketchguides-this-is-born\/"},"modified":"2025-07-15T10:10:55","modified_gmt":"2025-07-15T08:10:55","slug":"sketchguides-this-is-born","status":"publish","type":"product","link":"https:\/\/triangle.cat\/fr\/producto\/sketchguides-this-is-born\/","title":{"rendered":"This is Born"},"content":{"rendered":"","protected":false},"excerpt":{"rendered":"<p>Juliet Pom\u00e9s revisite le quartier du Born, o\u00f9 elle a son atelier depuis des ann\u00e9es. La vue sur ses rues, ses places m\u00e9di\u00e9vales, Santa Maria del Mar, le Mus\u00e9e Picasso&#8230; tout invite \u00e0 la d\u00e9couverte et \u00e0 faire du sketch. Faites connaissance de l&rsquo;un des quartiers les plus c\u00e9l\u00e8bres et les plus attrayants de la ville de Barcelone.<\/p>\n","protected":false},"featured_media":35493,"comment_status":"closed","ping_status":"closed","template":"","meta":{"_acf_changed":false,"_monsterinsights_skip_tracking":false,"_monsterinsights_sitenote_active":false,"_monsterinsights_sitenote_note":"","_monsterinsights_sitenote_category":0},"product_brand":[],"product_cat":[1500,1524],"product_tag":[],"class_list":{"0":"post-35544","1":"product","2":"type-product","3":"status-publish","4":"has-post-thumbnail","6":"product_cat-barcelone","7":"product_cat-sketchguides-fr","8":"pa_idioma-multilingue-espanol-english-francais-fr","10":"first","11":"instock","12":"purchasable","13":"product-type-variable"},"acf":[],"_links":{"self":[{"href":"https:\/\/triangle.cat\/fr\/wp-json\/wp\/v2\/product\/35544","targetHints":{"allow":["GET"]}}],"collection":[{"href":"https:\/\/triangle.cat\/fr\/wp-json\/wp\/v2\/product"}],"about":[{"href":"https:\/\/triangle.cat\/fr\/wp-json\/wp\/v2\/types\/product"}],"replies":[{"embeddable":true,"href":"https:\/\/triangle.cat\/fr\/wp-json\/wp\/v2\/comments?post=35544"}],"wp:featuredmedia":[{"embeddable":true,"href":"https:\/\/triangle.cat\/fr\/wp-json\/wp\/v2\/media\/35493"}],"wp:attachment":[{"href":"https:\/\/triangle.cat\/fr\/wp-json\/wp\/v2\/media?parent=35544"}],"wp:term":[{"taxonomy":"product_brand","embeddable":true,"href":"https:\/\/triangle.cat\/fr\/wp-json\/wp\/v2\/product_brand?post=35544"},{"taxonomy":"product_cat","embeddable":true,"href":"https:\/\/triangle.cat\/fr\/wp-json\/wp\/v2\/product_cat?post=35544"},{"taxonomy":"product_tag","embeddable":true,"href":"https:\/\/triangle.cat\/fr\/wp-json\/wp\/v2\/product_tag?post=35544"}],"curies":[{"name":"wp","href":"https:\/\/api.w.org\/{rel}","templated":true}]}}