
{"id":35543,"date":"2021-03-06T00:00:00","date_gmt":"2022-03-05T22:00:00","guid":{"rendered":"https:\/\/triangle.cat\/producto\/sketchguides-catalan-wine-landscapes\/"},"modified":"2025-07-30T10:27:15","modified_gmt":"2025-07-30T08:27:15","slug":"sketchguides-catalan-wine-landscapes","status":"publish","type":"product","link":"https:\/\/triangle.cat\/fr\/producto\/sketchguides-catalan-wine-landscapes\/","title":{"rendered":"Catalan Wine Landscapes"},"content":{"rendered":"","protected":false},"excerpt":{"rendered":"<p>Swasky a dessin\u00e9 les paysages viticoles catalans en voyageant avec sa famille dans son vieux fourgon Citro\u00ebn C15. Tout au long de routes tranquilles, il a rencontr\u00e9 des passionn\u00e9s du vin, visit\u00e9 des vignobles renomm\u00e9s et des villes charmantes, et a gravi des montagnes remplies de vignes. Avec sa famille il a connu le pays \u00e0 un rythme lent, savourant son calme. Le vin est une culture et la culture est li\u00e9e \u00e0 la terre. N&rsquo;h\u00e9sitez pas \u00e0 visiter tous les quartiers de la DO Catalane et \u00e0 go\u00fbter sa cuisine typique et de ses vins d\u00e9licieux.<\/p>\n","protected":false},"featured_media":35488,"comment_status":"closed","ping_status":"closed","template":"","meta":{"_acf_changed":false,"_monsterinsights_skip_tracking":false,"_monsterinsights_sitenote_active":false,"_monsterinsights_sitenote_note":"","_monsterinsights_sitenote_category":0},"product_brand":[],"product_cat":[1504,1524],"product_tag":[],"class_list":{"0":"post-35543","1":"product","2":"type-product","3":"status-publish","4":"has-post-thumbnail","6":"product_cat-catalogne","7":"product_cat-sketchguides-fr","8":"pa_idioma-multilingue-catala-espanol-english-fr-2","10":"first","11":"instock","12":"purchasable","13":"product-type-variable"},"acf":[],"_links":{"self":[{"href":"https:\/\/triangle.cat\/fr\/wp-json\/wp\/v2\/product\/35543","targetHints":{"allow":["GET"]}}],"collection":[{"href":"https:\/\/triangle.cat\/fr\/wp-json\/wp\/v2\/product"}],"about":[{"href":"https:\/\/triangle.cat\/fr\/wp-json\/wp\/v2\/types\/product"}],"replies":[{"embeddable":true,"href":"https:\/\/triangle.cat\/fr\/wp-json\/wp\/v2\/comments?post=35543"}],"wp:featuredmedia":[{"embeddable":true,"href":"https:\/\/triangle.cat\/fr\/wp-json\/wp\/v2\/media\/35488"}],"wp:attachment":[{"href":"https:\/\/triangle.cat\/fr\/wp-json\/wp\/v2\/media?parent=35543"}],"wp:term":[{"taxonomy":"product_brand","embeddable":true,"href":"https:\/\/triangle.cat\/fr\/wp-json\/wp\/v2\/product_brand?post=35543"},{"taxonomy":"product_cat","embeddable":true,"href":"https:\/\/triangle.cat\/fr\/wp-json\/wp\/v2\/product_cat?post=35543"},{"taxonomy":"product_tag","embeddable":true,"href":"https:\/\/triangle.cat\/fr\/wp-json\/wp\/v2\/product_tag?post=35543"}],"curies":[{"name":"wp","href":"https:\/\/api.w.org\/{rel}","templated":true}]}}